{"id":433,"date":"2021-05-06T08:38:41","date_gmt":"2021-05-06T08:38:41","guid":{"rendered":"https:\/\/www.annemetka.de\/?page_id=433"},"modified":"2024-02-22T18:58:05","modified_gmt":"2024-02-22T18:58:05","slug":"face-oils","status":"publish","type":"page","link":"https:\/\/www.annemetka.com\/en\/products\/face-oils\/","title":{"rendered":"Face oils"},"content":{"rendered":"<div class=\"wp-block-cover alignfull is-light\" style=\"min-height:300px;aspect-ratio:unset;\"><span aria-hidden=\"true\" class=\"wp-block-cover__background has-black-background-color has-background-dim-20 has-background-dim\"><\/span><img loading=\"lazy\" decoding=\"async\" width=\"1920\" height=\"2560\" class=\"wp-block-cover__image-background wp-image-522\" alt=\"\" src=\"https:\/\/www.annemetka.de\/\/mnt\/web523\/a3\/17\/527617\/htdocs\/STRATO-apps\/wordpress_02\/app\/wp-content\/uploads\/2021\/05\/BluehendeKirsche-scaled.jpg\" style=\"object-position:33% 40%\" data-object-fit=\"cover\" data-object-position=\"33% 40%\" srcset=\"https:\/\/www.annemetka.com\/wp-content\/uploads\/2021\/05\/BluehendeKirsche-scaled.jpg 1920w, https:\/\/www.annemetka.com\/wp-content\/uploads\/2021\/05\/BluehendeKirsche-scaled-600x800.jpg 600w, https:\/\/www.annemetka.com\/wp-content\/uploads\/2021\/05\/BluehendeKirsche-225x300.jpg 225w, https:\/\/www.annemetka.com\/wp-content\/uploads\/2021\/05\/BluehendeKirsche-768x1024.jpg 768w, https:\/\/www.annemetka.com\/wp-content\/uploads\/2021\/05\/BluehendeKirsche-1152x1536.jpg 1152w, https:\/\/www.annemetka.com\/wp-content\/uploads\/2021\/05\/BluehendeKirsche-1536x2048.jpg 1536w\" sizes=\"auto, (max-width: 1920px) 100vw, 1920px\" \/><div class=\"wp-block-cover__inner-container is-layout-flow wp-block-cover-is-layout-flow\">\r\n<h3 class=\"wp-block-heading has-text-align-center has-very-light-gray-color has-text-color\">F\u00fcr Bestellung, Fragen oder Reseller kontaktiere mich gerne.<\/h3>\r\n\r\n\r\n\r\n<div class=\"wp-block-buttons is-horizontal is-content-justification-center is-layout-flex wp-container-core-buttons-is-layout-03627597 wp-block-buttons-is-layout-flex\">\r\n<div class=\"wp-block-button is-style-outline is-style-outline--5\"><a class=\"wp-block-button__link has-very-light-gray-color has-text-color wp-element-button\" href=\"mailto:anne@metka.de\">anne@metka.de<\/a><\/div>\r\n\r\n\r\n\r\n<div class=\"wp-block-button is-style-outline is-style-outline--6\"><a class=\"wp-block-button__link has-very-light-gray-color has-text-color wp-element-button\" href=\"tel:+49-178-52-969-56\">+49 178 52 969 56<\/a><\/div>\r\n<\/div>\r\n\r\n\r\n\r\n<p><\/p>\r\n<\/div><\/div>\r\n\n<div class=\"wp-block-cover alignfull is-light\" style=\"min-height:476px;aspect-ratio:unset;\"><span aria-hidden=\"true\" class=\"wp-block-cover__background has-white-background-color has-background-dim\"><\/span><img loading=\"lazy\" decoding=\"async\" width=\"1920\" height=\"1280\" class=\"wp-block-cover__image-background wp-image-315\" alt=\"\" src=\"https:\/\/www.annemetka.de\/\/mnt\/web523\/a3\/17\/527617\/htdocs\/STRATO-apps\/wordpress_02\/app\/wp-content\/uploads\/2021\/04\/Anne_M_Naturals-15.jpg\" style=\"object-position:51% 60%\" data-object-fit=\"cover\" data-object-position=\"51% 60%\" srcset=\"https:\/\/www.annemetka.com\/wp-content\/uploads\/2021\/04\/Anne_M_Naturals-15.jpg 1920w, https:\/\/www.annemetka.com\/wp-content\/uploads\/2021\/04\/Anne_M_Naturals-15-600x400.jpg 600w, https:\/\/www.annemetka.com\/wp-content\/uploads\/2021\/04\/Anne_M_Naturals-15-300x200.jpg 300w, https:\/\/www.annemetka.com\/wp-content\/uploads\/2021\/04\/Anne_M_Naturals-15-1024x683.jpg 1024w, https:\/\/www.annemetka.com\/wp-content\/uploads\/2021\/04\/Anne_M_Naturals-15-768x512.jpg 768w, https:\/\/www.annemetka.com\/wp-content\/uploads\/2021\/04\/Anne_M_Naturals-15-1536x1024.jpg 1536w\" sizes=\"auto, (max-width: 1920px) 100vw, 1920px\" \/><div class=\"wp-block-cover__inner-container is-layout-flow wp-block-cover-is-layout-flow\">\n<h1 class=\"wp-block-heading alignfull has-text-align-left has-black-color has-text-color\">Face oils<\/h1>\n<\/div><\/div>\n\n\n\n<div style=\"height:50px\" aria-hidden=\"true\" class=\"wp-block-spacer\"><\/div>\n\n\n\n<h3 class=\"wp-block-heading\">Connecting you with the essence<\/h3>\n\n\n\n<p>Deiner Haut in jeder Phase des Lebens die Pflege zukommen zu lassen die sie wirklich braucht, ohne sie mit einem \u00fcberh\u00f6hten Anspruch und vielen Zusatzstoffen zu belasten und zu \u00fcberfordern bildet die beste Basis, die Sch\u00f6nheit und Gesundheit deiner Haut bis ins hohe Alter zu erhalten.<\/p>\n\n\n\n<h5 class=\"wp-block-heading\">Der einfachste Weg dorthin ist Reduktion auf das Wesentliche, auf die Essenz: pflegende \u00d6le, direkt aus der Natur.<\/h5>\n\n\n\n<p>Die Haut mit \u00d6len zu n\u00e4hren und zu sch\u00fctzen, macht die <strong>100%ige Konzentration auf die Wirkstoffe<\/strong> m\u00f6glich und es kann auf alle Arten von Zusatzstoffen verzichtet werden.<br>So wird die Tagespflege <strong>hochwirksam <\/strong>und dabei ausgesprochen <strong>gut vertr\u00e4glich<\/strong>. F\u00fcr dich und unsere Erde.<\/p>\n\n\n\n<p>Richtig angewendet und dosiert k\u00f6nnen \u00d6le von jeder Haut optimal aufgenommen werden ohne eine st\u00f6renden Fettfilm zu hinterlassen oder auszutrocknen.<br>Der wichtigste Punkt bei der Anwendung ist, dass ein reines \u00d6l Feuchtigkeit ben\u00f6tigt um in die Haut zu gelangen &#8211; also eine Emulsion bilden muss. Feuchte dein Gesicht vor der Pflege reichlich an, um den Wirkstoffen den optimalen Transport in die Zellen zu erm\u00f6glichen.<\/p>\n\n\n\n<p>In der Nacht verzichtest du am besten auf Pflege um die nat\u00fcrlichen Entgiftungsfunktionen deiner Haut nicht zu behindern.<\/p>\n\n\n\n<p>Ich produziere in kleinen St\u00fcckzahlen und kurzen Abst\u00e4nden. Das Mindesthaltbarkeitsdatum wird von Hand eingetragen und bezeugt die Frische und Reinheit des Produktes. Verwendet werden ausschlie\u00dflich hochwertigste Inhaltsstoffe. Pur und unver\u00e4ndert. Schonend kaltgepresst gewonnen. Liebevoll und sorgf\u00e4ltig von Hand, nach ausgesuchten Rezepten gemischt.<\/p>\n\n\n\n<p>F\u00fcr die sinnliche Essenz die dich n\u00e4hrt.<\/p>\n\n\n\n<h4 class=\"wp-block-heading\">Love your skin. Clean, nourish, protect.<\/h4>\n\n\n\n<p class=\"has-small-font-size\">Aus Respekt f\u00fcr unseren Planeten verzichte ich bei meinen Produkten auf Umkarton und lange Beipackzettel.<\/p>\n\n\n\n<div class=\"wp-block-group alignwide is-layout-flow wp-block-group-is-layout-flow\"><div class=\"wp-block-group__inner-container\">\n<h2 class=\"wp-block-heading\">Face Oil no 1 <\/h2>\n\n\n\n<div class=\"wp-block-media-text alignwide has-media-on-the-right is-stacked-on-mobile is-vertically-aligned-top\"><div class=\"wp-block-media-text__content\">\n<p>St\u00e4rkende, verfeinernde und feuchtigkeitsspeichernde Gesichtspflege, die deiner Haut ein sanftes Strahlen verleiht.<\/p>\n\n\n\n<h4 class=\"wp-block-heading\">Enjoy your glow!<\/h4>\n\n\n\n<div class=\"wp-block-columns is-layout-flex wp-container-core-columns-is-layout-28f84493 wp-block-columns-is-layout-flex\">\n<div class=\"wp-block-column is-layout-flow wp-block-column-is-layout-flow\" style=\"flex-basis:25%\">\n<h5 class=\"wp-block-heading\">Anwendung<\/h5>\n<\/div>\n\n\n\n<div class=\"wp-block-column is-layout-flow wp-block-column-is-layout-flow\" style=\"flex-basis:75%\">\n<p>Nach der Reinigung des  Gesichtes 4-6 Tropfen \u00d6l sanft in die noch feuchte Haut  einmassieren.<br>Augenpartie aussparen.<\/p>\n<\/div>\n<\/div>\n\n\n\n<div class=\"wp-block-columns is-layout-flex wp-container-core-columns-is-layout-28f84493 wp-block-columns-is-layout-flex\">\n<div class=\"wp-block-column is-layout-flow wp-block-column-is-layout-flow\" style=\"flex-basis:25%\">\n<h5 class=\"wp-block-heading\">Ingredients<\/h5>\n<\/div>\n\n\n\n<div class=\"wp-block-column is-layout-flow wp-block-column-is-layout-flow\" style=\"flex-basis:75%\">\n<p>Olea Europaea Fruit Oil, Cannabis Sativa Seed Oil, Rosa Canina Seed Oil, Rubus Idaeus Seed Oil, Hippophae Rhamnoides Fruit Oil, Lavandula Angustifolia Oil, Helichrysum Italicum Flower Oil, Linalool, Limonene<\/p>\n<\/div>\n<\/div>\n\n\n\n<div class=\"wp-block-buttons is-layout-flex wp-block-buttons-is-layout-flex\">\n<div class=\"wp-block-button is-style-outline is-style-outline--7\"><a class=\"wp-block-button__link wp-element-button\" href=\"\/produkt\/face-oil-no-1\/\">Im Shop ansehen<\/a><\/div>\n<\/div>\n<\/div><figure class=\"wp-block-media-text__media\"><img loading=\"lazy\" decoding=\"async\" width=\"768\" height=\"1024\" src=\"https:\/\/www.annemetka.de\/\/mnt\/web523\/a3\/17\/527617\/htdocs\/STRATO-apps\/wordpress_02\/app\/wp-content\/uploads\/2021\/10\/face-oil-no-1-5786-768x1024.jpg\" alt=\"\" class=\"wp-image-1081 size-large\" srcset=\"https:\/\/www.annemetka.com\/wp-content\/uploads\/2021\/10\/face-oil-no-1-5786-768x1024.jpg 768w, https:\/\/www.annemetka.com\/wp-content\/uploads\/2021\/10\/face-oil-no-1-5786-scaled-600x800.jpg 600w, https:\/\/www.annemetka.com\/wp-content\/uploads\/2021\/10\/face-oil-no-1-5786-225x300.jpg 225w, https:\/\/www.annemetka.com\/wp-content\/uploads\/2021\/10\/face-oil-no-1-5786-1152x1536.jpg 1152w, https:\/\/www.annemetka.com\/wp-content\/uploads\/2021\/10\/face-oil-no-1-5786-1536x2048.jpg 1536w, https:\/\/www.annemetka.com\/wp-content\/uploads\/2021\/10\/face-oil-no-1-5786-scaled.jpg 1920w\" sizes=\"auto, (max-width: 768px) 100vw, 768px\" \/><\/figure><\/div>\n\n\n\n<div style=\"height:30px\" aria-hidden=\"true\" class=\"wp-block-spacer\"><\/div>\n<\/div><\/div>\n\n\n\n<div class=\"wp-block-group alignwide is-layout-flow wp-block-group-is-layout-flow\"><div class=\"wp-block-group__inner-container\">\n<h2 class=\"wp-block-heading\">Face Oil no 2 <\/h2>\n\n\n\n<div class=\"wp-block-media-text alignwide has-media-on-the-right is-stacked-on-mobile is-vertically-aligned-top\"><div class=\"wp-block-media-text__content\">\n<p>N\u00e4hrende und sch\u00fctzende Tagespflege f\u00fcr reife oder besonders bed\u00fcrftige Haut.<\/p>\n\n\n\n<h4 class=\"wp-block-heading\">Mother your Skin!<\/h4>\n\n\n\n<div class=\"wp-block-columns is-layout-flex wp-container-core-columns-is-layout-28f84493 wp-block-columns-is-layout-flex\">\n<div class=\"wp-block-column is-layout-flow wp-block-column-is-layout-flow\" style=\"flex-basis:25%\">\n<h5 class=\"wp-block-heading\">Anwendung<\/h5>\n<\/div>\n\n\n\n<div class=\"wp-block-column is-layout-flow wp-block-column-is-layout-flow\" style=\"flex-basis:75%\">\n<p>Nach der Reinigung des Gesichtes 4-6 Tropfen \u00d6l sanft in die noch feuchte Haut einmassieren. Augenpartie aussparen.<\/p>\n<\/div>\n<\/div>\n\n\n\n<div class=\"wp-block-columns is-layout-flex wp-container-core-columns-is-layout-28f84493 wp-block-columns-is-layout-flex\">\n<div class=\"wp-block-column is-layout-flow wp-block-column-is-layout-flow\" style=\"flex-basis:25%\">\n<h5 class=\"wp-block-heading\">Ingredients<\/h5>\n<\/div>\n\n\n\n<div class=\"wp-block-column is-layout-flow wp-block-column-is-layout-flow\" style=\"flex-basis:75%\">\n<p>Olea Europaea Fruit Oil, Cannabis Sativa Seed Oil, Argania Spinosa Kernel Oil, Rosa Canina Seed Oil, Punica Granatum Seed Oil, Hippophae Rhamnoides Seed Oil, Lavandula Angustifolia Oil, Helichrysum Italicum Flower Oil, Citrus Aurantium Amara Peel Oil, Linalool, Limonene, Geraniol<\/p>\n<\/div>\n<\/div>\n\n\n\n<div class=\"wp-block-buttons is-layout-flex wp-block-buttons-is-layout-flex\">\n<div class=\"wp-block-button is-style-outline is-style-outline--8\"><a class=\"wp-block-button__link wp-element-button\" href=\"\/produkt\/face-oil-no-2\/\">Im Shop ansehen<\/a><\/div>\n<\/div>\n<\/div><figure class=\"wp-block-media-text__media\"><img loading=\"lazy\" decoding=\"async\" width=\"680\" height=\"1024\" src=\"https:\/\/www.annemetka.de\/\/mnt\/web523\/a3\/17\/527617\/htdocs\/STRATO-apps\/wordpress_02\/app\/wp-content\/uploads\/2021\/10\/face-oil-no-2-5785-680x1024.jpg\" alt=\"\" class=\"wp-image-1083 size-large\" srcset=\"https:\/\/www.annemetka.com\/wp-content\/uploads\/2021\/10\/face-oil-no-2-5785-680x1024.jpg 680w, https:\/\/www.annemetka.com\/wp-content\/uploads\/2021\/10\/face-oil-no-2-5785-scaled-600x904.jpg 600w, https:\/\/www.annemetka.com\/wp-content\/uploads\/2021\/10\/face-oil-no-2-5785-199x300.jpg 199w, https:\/\/www.annemetka.com\/wp-content\/uploads\/2021\/10\/face-oil-no-2-5785-768x1157.jpg 768w, https:\/\/www.annemetka.com\/wp-content\/uploads\/2021\/10\/face-oil-no-2-5785-1019x1536.jpg 1019w, https:\/\/www.annemetka.com\/wp-content\/uploads\/2021\/10\/face-oil-no-2-5785-1359x2048.jpg 1359w, https:\/\/www.annemetka.com\/wp-content\/uploads\/2021\/10\/face-oil-no-2-5785-scaled.jpg 1699w\" sizes=\"auto, (max-width: 680px) 100vw, 680px\" \/><\/figure><\/div>\n\n\n\n<div style=\"height:30px\" aria-hidden=\"true\" class=\"wp-block-spacer\"><\/div>\n\n\n\n<div style=\"height:30px\" aria-hidden=\"true\" class=\"wp-block-spacer\"><\/div>\n<\/div><\/div>\n\n\n\r\n<div class=\"wp-block-cover alignfull is-light\" style=\"min-height:300px;aspect-ratio:unset;\"><span aria-hidden=\"true\" class=\"wp-block-cover__background has-black-background-color has-background-dim-20 has-background-dim\"><\/span><img loading=\"lazy\" decoding=\"async\" width=\"1920\" height=\"2560\" class=\"wp-block-cover__image-background wp-image-522\" alt=\"\" src=\"https:\/\/www.annemetka.de\/\/mnt\/web523\/a3\/17\/527617\/htdocs\/STRATO-apps\/wordpress_02\/app\/wp-content\/uploads\/2021\/05\/BluehendeKirsche-scaled.jpg\" style=\"object-position:33% 40%\" data-object-fit=\"cover\" data-object-position=\"33% 40%\" srcset=\"https:\/\/www.annemetka.com\/wp-content\/uploads\/2021\/05\/BluehendeKirsche-scaled.jpg 1920w, https:\/\/www.annemetka.com\/wp-content\/uploads\/2021\/05\/BluehendeKirsche-scaled-600x800.jpg 600w, https:\/\/www.annemetka.com\/wp-content\/uploads\/2021\/05\/BluehendeKirsche-225x300.jpg 225w, https:\/\/www.annemetka.com\/wp-content\/uploads\/2021\/05\/BluehendeKirsche-768x1024.jpg 768w, https:\/\/www.annemetka.com\/wp-content\/uploads\/2021\/05\/BluehendeKirsche-1152x1536.jpg 1152w, https:\/\/www.annemetka.com\/wp-content\/uploads\/2021\/05\/BluehendeKirsche-1536x2048.jpg 1536w\" sizes=\"auto, (max-width: 1920px) 100vw, 1920px\" \/><div class=\"wp-block-cover__inner-container is-layout-flow wp-block-cover-is-layout-flow\">\r\n<h3 class=\"wp-block-heading has-text-align-center has-very-light-gray-color has-text-color\">Please get in touch with me in for orders, reseller or questions.<\/h3>\r\n\r\n\r\n\r\n<div class=\"wp-block-buttons is-horizontal is-content-justification-center is-layout-flex wp-container-core-buttons-is-layout-03627597 wp-block-buttons-is-layout-flex\">\r\n<div class=\"wp-block-button is-style-outline is-style-outline--11\"><a class=\"wp-block-button__link has-very-light-gray-color has-text-color wp-element-button\" href=\"mailto:anne@metka.de\">anne@metka.de<\/a><\/div>\r\n\r\n\r\n\r\n<div class=\"wp-block-button is-style-outline is-style-outline--12\"><a class=\"wp-block-button__link has-very-light-gray-color has-text-color wp-element-button\" href=\"tel:+49-178-52-969-56\">+49 178 52 969 56<\/a><\/div>\r\n<\/div>\r\n\r\n\r\n\r\n<p><\/p>\r\n<\/div><\/div>","protected":false},"excerpt":{"rendered":"<p>Connecting you with the essence Deiner Haut in jeder Phase des Lebens die Pflege zukommen zu lassen die sie wirklich braucht, ohne sie mit einem \u00fcberh\u00f6hten Anspruch und vielen Zusatzstoffen zu belasten und zu \u00fcberfordern bildet die beste Basis, die Sch\u00f6nheit und Gesundheit deiner Haut bis ins hohe Alter zu erhalten. Der einfachste Weg dorthin [&hellip;]<\/p>\n","protected":false},"author":1,"featured_media":0,"parent":118,"menu_order":0,"comment_status":"closed","ping_status":"closed","template":"","meta":{"om_disable_all_campaigns":false,"_monsterinsights_skip_tracking":false,"_monsterinsights_sitenote_active":false,"_monsterinsights_sitenote_note":"","_monsterinsights_sitenote_category":0,"site-sidebar-layout":"default","site-content-layout":"plain-container","ast-site-content-layout":"normal-width-container","site-content-style":"unboxed","site-sidebar-style":"unboxed","ast-global-header-display":"","ast-banner-title-visibility":"","ast-main-header-display":"","ast-hfb-above-header-display":"","ast-hfb-below-header-display":"","ast-hfb-mobile-header-display":"","site-post-title":"disabled","ast-breadcrumbs-content":"","ast-featured-img":"","footer-sml-layout":"","ast-disable-related-posts":"","theme-transparent-header-meta":"enabled","adv-header-id-meta":"","stick-header-meta":"default","header-above-stick-meta":"","header-main-stick-meta":"","header-below-stick-meta":"","astra-migrate-meta-layouts":"set","ast-page-background-enabled":"default","ast-page-background-meta":{"desktop":{"background-color":"","background-image":"","background-repeat":"repeat","background-position":"center center","background-size":"auto","background-attachment":"scroll","background-type":"","background-media":"","overlay-type":"","overlay-color":"","overlay-opacity":"","overlay-gradient":""},"tablet":{"background-color":"","background-image":"","background-repeat":"repeat","background-position":"center center","background-size":"auto","background-attachment":"scroll","background-type":"","background-media":"","overlay-type":"","overlay-color":"","overlay-opacity":"","overlay-gradient":""},"mobile":{"background-color":"","background-image":"","background-repeat":"repeat","background-position":"center center","background-size":"auto","background-attachment":"scroll","background-type":"","background-media":"","overlay-type":"","overlay-color":"","overlay-opacity":"","overlay-gradient":""}},"ast-content-background-meta":{"desktop":{"background-color":"var(--ast-global-color-5)","background-image":"","background-repeat":"repeat","background-position":"center center","background-size":"auto","background-attachment":"scroll","background-type":"","background-media":"","overlay-type":"","overlay-color":"","overlay-opacity":"","overlay-gradient":""},"tablet":{"background-color":"var(--ast-global-color-5)","background-image":"","background-repeat":"repeat","background-position":"center center","background-size":"auto","background-attachment":"scroll","background-type":"","background-media":"","overlay-type":"","overlay-color":"","overlay-opacity":"","overlay-gradient":""},"mobile":{"background-color":"var(--ast-global-color-5)","background-image":"","background-repeat":"repeat","background-position":"center center","background-size":"auto","background-attachment":"scroll","background-type":"","background-media":"","overlay-type":"","overlay-color":"","overlay-opacity":"","overlay-gradient":""}},"footnotes":""},"class_list":["post-433","page","type-page","status-publish","hentry"],"aioseo_notices":[],"_links":{"self":[{"href":"https:\/\/www.annemetka.com\/en\/wp-json\/wp\/v2\/pages\/433","targetHints":{"allow":["GET"]}}],"collection":[{"href":"https:\/\/www.annemetka.com\/en\/wp-json\/wp\/v2\/pages"}],"about":[{"href":"https:\/\/www.annemetka.com\/en\/wp-json\/wp\/v2\/types\/page"}],"author":[{"embeddable":true,"href":"https:\/\/www.annemetka.com\/en\/wp-json\/wp\/v2\/users\/1"}],"replies":[{"embeddable":true,"href":"https:\/\/www.annemetka.com\/en\/wp-json\/wp\/v2\/comments?post=433"}],"version-history":[{"count":40,"href":"https:\/\/www.annemetka.com\/en\/wp-json\/wp\/v2\/pages\/433\/revisions"}],"predecessor-version":[{"id":1504,"href":"https:\/\/www.annemetka.com\/en\/wp-json\/wp\/v2\/pages\/433\/revisions\/1504"}],"up":[{"embeddable":true,"href":"https:\/\/www.annemetka.com\/en\/wp-json\/wp\/v2\/pages\/118"}],"wp:attachment":[{"href":"https:\/\/www.annemetka.com\/en\/wp-json\/wp\/v2\/media?parent=433"}],"curies":[{"name":"wp","href":"https:\/\/api.w.org\/{rel}","templated":true}]}}