{"id":390,"date":"2021-05-06T08:38:41","date_gmt":"2021-05-06T08:38:41","guid":{"rendered":"https:\/\/www.annemetka.de\/?page_id=390"},"modified":"2024-02-22T19:03:34","modified_gmt":"2024-02-22T19:03:34","slug":"herb-tea-blends","status":"publish","type":"page","link":"https:\/\/www.annemetka.com\/en\/products\/herb-tea-blends\/","title":{"rendered":"Herb Tea Blends"},"content":{"rendered":"<div class=\"wp-block-cover alignfull is-light\" style=\"min-height:300px;aspect-ratio:unset;\"><span aria-hidden=\"true\" class=\"wp-block-cover__background has-black-background-color has-background-dim-20 has-background-dim\"><\/span><img loading=\"lazy\" decoding=\"async\" width=\"1920\" height=\"2560\" class=\"wp-block-cover__image-background wp-image-522\" alt=\"\" src=\"https:\/\/www.annemetka.de\/\/mnt\/web523\/a3\/17\/527617\/htdocs\/STRATO-apps\/wordpress_02\/app\/wp-content\/uploads\/2021\/05\/BluehendeKirsche-scaled.jpg\" style=\"object-position:33% 40%\" data-object-fit=\"cover\" data-object-position=\"33% 40%\" srcset=\"https:\/\/www.annemetka.com\/wp-content\/uploads\/2021\/05\/BluehendeKirsche-scaled.jpg 1920w, https:\/\/www.annemetka.com\/wp-content\/uploads\/2021\/05\/BluehendeKirsche-scaled-600x800.jpg 600w, https:\/\/www.annemetka.com\/wp-content\/uploads\/2021\/05\/BluehendeKirsche-225x300.jpg 225w, https:\/\/www.annemetka.com\/wp-content\/uploads\/2021\/05\/BluehendeKirsche-768x1024.jpg 768w, https:\/\/www.annemetka.com\/wp-content\/uploads\/2021\/05\/BluehendeKirsche-1152x1536.jpg 1152w, https:\/\/www.annemetka.com\/wp-content\/uploads\/2021\/05\/BluehendeKirsche-1536x2048.jpg 1536w\" sizes=\"auto, (max-width: 1920px) 100vw, 1920px\" \/><div class=\"wp-block-cover__inner-container is-layout-flow wp-block-cover-is-layout-flow\">\r\n<h3 class=\"wp-block-heading has-text-align-center has-very-light-gray-color has-text-color\">F\u00fcr Bestellung, Fragen oder Reseller kontaktiere mich gerne.<\/h3>\r\n\r\n\r\n\r\n<div class=\"wp-block-buttons is-horizontal is-content-justification-center is-layout-flex wp-container-core-buttons-is-layout-03627597 wp-block-buttons-is-layout-flex\">\r\n<div class=\"wp-block-button is-style-outline is-style-outline--6\"><a class=\"wp-block-button__link has-very-light-gray-color has-text-color wp-element-button\" href=\"mailto:anne@metka.de\">anne@metka.de<\/a><\/div>\r\n\r\n\r\n\r\n<div class=\"wp-block-button is-style-outline is-style-outline--7\"><a class=\"wp-block-button__link has-very-light-gray-color has-text-color wp-element-button\" href=\"tel:+49-178-52-969-56\">+49 178 52 969 56<\/a><\/div>\r\n<\/div>\r\n\r\n\r\n\r\n<p><\/p>\r\n<\/div><\/div>\r\n\n<div class=\"wp-block-cover alignfull\" style=\"min-height:476px;aspect-ratio:unset;\"><span aria-hidden=\"true\" class=\"wp-block-cover__background has-white-background-color has-background-dim\"><\/span><img loading=\"lazy\" decoding=\"async\" width=\"1920\" height=\"1280\" class=\"wp-block-cover__image-background wp-image-250\" alt=\"\" src=\"https:\/\/www.annemetka.de\/\/mnt\/web523\/a3\/17\/527617\/htdocs\/STRATO-apps\/wordpress_02\/app\/wp-content\/uploads\/2021\/04\/Anne_M_Naturals-2.jpg\" data-object-fit=\"cover\" srcset=\"https:\/\/www.annemetka.com\/wp-content\/uploads\/2021\/04\/Anne_M_Naturals-2.jpg 1920w, https:\/\/www.annemetka.com\/wp-content\/uploads\/2021\/04\/Anne_M_Naturals-2-600x400.jpg 600w, https:\/\/www.annemetka.com\/wp-content\/uploads\/2021\/04\/Anne_M_Naturals-2-300x200.jpg 300w, https:\/\/www.annemetka.com\/wp-content\/uploads\/2021\/04\/Anne_M_Naturals-2-1024x683.jpg 1024w, https:\/\/www.annemetka.com\/wp-content\/uploads\/2021\/04\/Anne_M_Naturals-2-768x512.jpg 768w, https:\/\/www.annemetka.com\/wp-content\/uploads\/2021\/04\/Anne_M_Naturals-2-1536x1024.jpg 1536w\" sizes=\"auto, (max-width: 1920px) 100vw, 1920px\" \/><div class=\"wp-block-cover__inner-container is-layout-flow wp-block-cover-is-layout-flow\">\n<h1 class=\"wp-block-heading alignfull has-text-align-left has-black-color has-text-color\">Herb Tea Blends<\/h1>\n<\/div><\/div>\n\n\n\n<div class=\"wp-block-group alignwide is-layout-flow wp-block-group-is-layout-flow\"><div class=\"wp-block-group__inner-container\">\n<h2 class=\"wp-block-heading\">herbal infusion <\/h2>\n\n\n\n<h4 class=\"wp-block-heading\">Kr\u00e4uterteemischung<\/h4>\n\n\n\n<div class=\"wp-block-media-text alignwide has-media-on-the-right is-stacked-on-mobile is-image-fill\"><div class=\"wp-block-media-text__content\">\n<p>Diese Herbal Infusion bietet dir unkompliziert Zugang zu einer t\u00e4glichen Dosis Pflanzenmagie. Sie steckt voll wertvoller Sekund\u00e4rstoffe, die durch die besondere Art der Zubereitung nahezu vollst\u00e4ndig aus den Zellen der Pflanzen gel\u00f6st und so f\u00fcr dich nutzbar werden.<\/p>\n\n\n\n<h4 class=\"wp-block-heading\">Restore. Renourish. Recharge. <\/h4>\n\n\n\n<p>Sorgf\u00e4ltig kombiniert, liebevoll von Hand gemischt und umweltschonend in Papier und wiederverwendbare Gl\u00e4ser verpackt. <em>Thank you mother earth! <\/em><\/p>\n\n\n\n<div class=\"wp-block-columns is-layout-flex wp-container-core-columns-is-layout-28f84493 wp-block-columns-is-layout-flex\">\n<div class=\"wp-block-column is-layout-flow wp-block-column-is-layout-flow\" style=\"flex-basis:25%\">\n<h5 class=\"wp-block-heading\">Zutaten<\/h5>\n<\/div>\n\n\n\n<div class=\"wp-block-column is-layout-flow wp-block-column-is-layout-flow\" style=\"flex-basis:75%\">\n<p>Brennnessel, Melisse, Hafer, Linde, Rose, Hibiskus, Rotklee, Schafgarbe<\/p>\n<\/div>\n<\/div>\n\n\n\n<div class=\"wp-block-columns is-layout-flex wp-container-core-columns-is-layout-28f84493 wp-block-columns-is-layout-flex\">\n<div class=\"wp-block-column is-layout-flow wp-block-column-is-layout-flow\" style=\"flex-basis:25%\">\n<h5 class=\"wp-block-heading\">Zubereitung<\/h5>\n<\/div>\n\n\n\n<div class=\"wp-block-column is-layout-flow wp-block-column-is-layout-flow\" style=\"flex-basis:75%\">\n<p>Am Abend eine kleine Hand voll Kr\u00e4uter mit 1 l kochendem Wasser \u00fcbergie\u00dfen und abgedeckt \u00fcber Nacht (ca. 8-10 Std) ziehen lassen. Am n\u00e4chsten Morgen abgie\u00dfen und die Kr\u00e4uterreste etwas auspressen. \u00dcber die n\u00e4chsten ein bis zwei Tage verteilt trinken. Auf zus\u00e4tzliche Fl\u00fcssigkeitszufuhr achten und nach dem Abgie\u00dfen gek\u00fchlt lagern. <em>Enjoy in gratitude!<\/em><\/p>\n<\/div>\n<\/div>\n\n\n\n<div class=\"wp-block-buttons is-layout-flex wp-block-buttons-is-layout-flex\">\n<div class=\"wp-block-button is-style-outline is-style-outline--8\"><a class=\"wp-block-button__link wp-element-button\" href=\"\/en\/product\/herbal-infusion-kraeuterteemischung\/\">view In Shop<\/a><\/div>\n<\/div>\n<\/div><figure class=\"wp-block-media-text__media\" style=\"background-image:url(https:\/\/www.annemetka.de\/\/mnt\/web523\/a3\/17\/527617\/htdocs\/STRATO-apps\/wordpress_02\/app\/wp-content\/uploads\/2021\/04\/Anne_M_Naturals-12-683x1024.jpg);background-position:50% 50%\"><img loading=\"lazy\" decoding=\"async\" width=\"683\" height=\"1024\" src=\"https:\/\/www.annemetka.de\/\/mnt\/web523\/a3\/17\/527617\/htdocs\/STRATO-apps\/wordpress_02\/app\/wp-content\/uploads\/2021\/04\/Anne_M_Naturals-12-683x1024.jpg\" alt=\"\" class=\"wp-image-246 size-full\" srcset=\"https:\/\/www.annemetka.com\/wp-content\/uploads\/2021\/04\/Anne_M_Naturals-12-683x1024.jpg 683w, https:\/\/www.annemetka.com\/wp-content\/uploads\/2021\/04\/Anne_M_Naturals-12-scaled-600x900.jpg 600w, https:\/\/www.annemetka.com\/wp-content\/uploads\/2021\/04\/Anne_M_Naturals-12-200x300.jpg 200w, https:\/\/www.annemetka.com\/wp-content\/uploads\/2021\/04\/Anne_M_Naturals-12-768x1152.jpg 768w, https:\/\/www.annemetka.com\/wp-content\/uploads\/2021\/04\/Anne_M_Naturals-12-1024x1536.jpg 1024w, https:\/\/www.annemetka.com\/wp-content\/uploads\/2021\/04\/Anne_M_Naturals-12-1366x2048.jpg 1366w, https:\/\/www.annemetka.com\/wp-content\/uploads\/2021\/04\/Anne_M_Naturals-12-scaled.jpg 1707w\" sizes=\"auto, (max-width: 683px) 100vw, 683px\" \/><\/figure><\/div>\n\n\n\n<div style=\"height:30px\" aria-hidden=\"true\" class=\"wp-block-spacer\"><\/div>\n<\/div><\/div>\n\n\n\n<div class=\"wp-block-group alignwide is-layout-flow wp-block-group-is-layout-flow\"><div class=\"wp-block-group__inner-container\">\n<h2 class=\"wp-block-heading\">sacred rest<\/h2>\n\n\n\n<h4 class=\"wp-block-heading\">Kr\u00e4uterteemischung <\/h4>\n\n\n\n<div class=\"wp-block-media-text alignwide has-media-on-the-right is-stacked-on-mobile is-image-fill\"><div class=\"wp-block-media-text__content\">\n<p>Optimale Regeneration erf\u00e4hrst du in einem tiefen, erholsamen Schlaf.<\/p>\n\n\n\n<p>Diese Teekomposition umh\u00fcllt dich warm und pur und kann dich bei deinem Abendritual unterst\u00fctzen, so dass du die Reize des Tages hinter Dir lassen und zur Ruhe kommen kannst.<\/p>\n\n\n\n<h4 class=\"wp-block-heading\">Your rest is sacred! <\/h4>\n\n\n\n<p>Sorgf\u00e4ltig kombiniert, liebevoll von Hand gemischt und umweltschonend in Papier und wiederverwendbare Gl\u00e4ser verpackt. <em>Thank you mother earth!<\/em><\/p>\n\n\n\n<div class=\"wp-block-columns is-layout-flex wp-container-core-columns-is-layout-28f84493 wp-block-columns-is-layout-flex\">\n<div class=\"wp-block-column is-layout-flow wp-block-column-is-layout-flow\" style=\"flex-basis:25%\">\n<h5 class=\"wp-block-heading\">Zutaten<\/h5>\n<\/div>\n\n\n\n<div class=\"wp-block-column is-layout-flow wp-block-column-is-layout-flow\" style=\"flex-basis:75%\">\n<p>Melisse, Lavendelbl\u00fcten, Lindenbl\u00fcten, Kamillenbl\u00fcten.<\/p>\n<\/div>\n<\/div>\n\n\n\n<div class=\"wp-block-columns is-layout-flex wp-container-core-columns-is-layout-28f84493 wp-block-columns-is-layout-flex\">\n<div class=\"wp-block-column is-layout-flow wp-block-column-is-layout-flow\" style=\"flex-basis:25%\">\n<h5 class=\"wp-block-heading\">Zubereitung<\/h5>\n<\/div>\n\n\n\n<div class=\"wp-block-column is-layout-flow wp-block-column-is-layout-flow\" style=\"flex-basis:75%\">\n<p>F\u00fcr eine Tasse ca. einen 1 TL Kr\u00e4uter mit kochendem Wasser \u00fcbergie\u00dfen und ca. 10 min ziehen lassen. <em>Enjoy in gratitude!<\/em><\/p>\n<\/div>\n<\/div>\n\n\n\n<div class=\"wp-block-buttons is-layout-flex wp-block-buttons-is-layout-flex\">\n<div class=\"wp-block-button is-style-outline is-style-outline--9\"><a class=\"wp-block-button__link wp-element-button\" href=\"\/en\/product\/sacred-rest-kraeuterteemischung\/\">view In Shop<\/a><\/div>\n<\/div>\n<\/div><figure class=\"wp-block-media-text__media\" style=\"background-image:url(https:\/\/www.annemetka.de\/\/mnt\/web523\/a3\/17\/527617\/htdocs\/STRATO-apps\/wordpress_02\/app\/wp-content\/uploads\/2021\/05\/sacredrest1-1024x1019.png);background-position:50% 50%\"><img loading=\"lazy\" decoding=\"async\" width=\"1024\" height=\"1019\" src=\"https:\/\/www.annemetka.de\/\/mnt\/web523\/a3\/17\/527617\/htdocs\/STRATO-apps\/wordpress_02\/app\/wp-content\/uploads\/2021\/05\/sacredrest1-1024x1019.png\" alt=\"\" class=\"wp-image-538 size-full\" srcset=\"https:\/\/www.annemetka.com\/wp-content\/uploads\/2021\/05\/sacredrest1-1024x1019.png 1024w, https:\/\/www.annemetka.com\/wp-content\/uploads\/2021\/05\/sacredrest1-100x100.png 100w, https:\/\/www.annemetka.com\/wp-content\/uploads\/2021\/05\/sacredrest1-600x597.png 600w, https:\/\/www.annemetka.com\/wp-content\/uploads\/2021\/05\/sacredrest1-300x298.png 300w, https:\/\/www.annemetka.com\/wp-content\/uploads\/2021\/05\/sacredrest1-150x150.png 150w, https:\/\/www.annemetka.com\/wp-content\/uploads\/2021\/05\/sacredrest1-768x764.png 768w, https:\/\/www.annemetka.com\/wp-content\/uploads\/2021\/05\/sacredrest1.png 1184w\" sizes=\"auto, (max-width: 1024px) 100vw, 1024px\" \/><\/figure><\/div>\n\n\n\n<div style=\"height:30px\" aria-hidden=\"true\" class=\"wp-block-spacer\"><\/div>\n<\/div><\/div>\n\n\n\n<div class=\"wp-block-group alignwide is-layout-flow wp-block-group-is-layout-flow\"><div class=\"wp-block-group__inner-container\">\n<h2 class=\"wp-block-heading\">sacred light<\/h2>\n\n\n\n<h4 class=\"wp-block-heading\">Kr\u00e4uterteemischung <\/h4>\n\n\n\n<div class=\"wp-block-media-text alignwide has-media-on-the-right is-stacked-on-mobile is-image-fill\"><div class=\"wp-block-media-text__content\">\n<p>Wahre Sch\u00f6nheit ist deine gl\u00fcckliche Essenz, dein inneres Strahlen.<\/p>\n\n\n\n<p>Dieser Tee ist eine zarte Komposition aus Bl\u00fcten und Bl\u00e4ttern, deren Geschmack an warmes Sommerlicht erinnernt und dein inneres Strahlen n\u00e4hrt<\/p>\n\n\n\n<h4 class=\"wp-block-heading\">Your light is sacred! <\/h4>\n\n\n\n<p>Sorgf\u00e4ltig kombiniert, liebevoll von Hand gemischt und umweltschonend in Papier und wiederverwendbare Gl\u00e4ser verpackt. <em>Thank you mother earth!<\/em><\/p>\n\n\n\n<div class=\"wp-block-columns is-layout-flex wp-container-core-columns-is-layout-28f84493 wp-block-columns-is-layout-flex\">\n<div class=\"wp-block-column is-layout-flow wp-block-column-is-layout-flow\" style=\"flex-basis:25%\">\n<h5 class=\"wp-block-heading\">Zutaten<\/h5>\n<\/div>\n\n\n\n<div class=\"wp-block-column is-layout-flow wp-block-column-is-layout-flow\" style=\"flex-basis:75%\">\n<p>Zitronenverbene, Lindenbl\u00fcten, Rosenbl\u00fcten<\/p>\n<\/div>\n<\/div>\n\n\n\n<div class=\"wp-block-columns is-layout-flex wp-container-core-columns-is-layout-28f84493 wp-block-columns-is-layout-flex\">\n<div class=\"wp-block-column is-layout-flow wp-block-column-is-layout-flow\" style=\"flex-basis:25%\">\n<h5 class=\"wp-block-heading\">Zubereitung<\/h5>\n<\/div>\n\n\n\n<div class=\"wp-block-column is-layout-flow wp-block-column-is-layout-flow\" style=\"flex-basis:75%\">\n<p>F\u00fcr eine Tasse ca. einen 1 TL Kr\u00e4uter mit kochendem Wasser \u00fcbergie\u00dfen und ca. 10<br>min ziehen lassen. <em>Enjoy in gratitude!<\/em><\/p>\n<\/div>\n<\/div>\n\n\n\n<div class=\"wp-block-buttons is-layout-flex wp-block-buttons-is-layout-flex\">\n<div class=\"wp-block-button is-style-outline is-style-outline--10\"><a class=\"wp-block-button__link wp-element-button\" href=\"\/en\/product\/sacred-light-kraeuterteemischung\/\">view in Shop<\/a><\/div>\n<\/div>\n<\/div><figure class=\"wp-block-media-text__media\" style=\"background-image:url(https:\/\/www.annemetka.de\/\/mnt\/web523\/a3\/17\/527617\/htdocs\/STRATO-apps\/wordpress_02\/app\/wp-content\/uploads\/2021\/05\/zimmerlinde-1024x1022.png);background-position:50% 50%\"><img loading=\"lazy\" decoding=\"async\" width=\"1024\" height=\"1022\" src=\"https:\/\/www.annemetka.de\/\/mnt\/web523\/a3\/17\/527617\/htdocs\/STRATO-apps\/wordpress_02\/app\/wp-content\/uploads\/2021\/05\/zimmerlinde-1024x1022.png\" alt=\"\" class=\"wp-image-589 size-full\" srcset=\"https:\/\/www.annemetka.com\/wp-content\/uploads\/2021\/05\/zimmerlinde-1024x1022.png 1024w, https:\/\/www.annemetka.com\/wp-content\/uploads\/2021\/05\/zimmerlinde-315x315.png 315w, https:\/\/www.annemetka.com\/wp-content\/uploads\/2021\/05\/zimmerlinde-100x100.png 100w, https:\/\/www.annemetka.com\/wp-content\/uploads\/2021\/05\/zimmerlinde-600x599.png 600w, https:\/\/www.annemetka.com\/wp-content\/uploads\/2021\/05\/zimmerlinde-300x300.png 300w, https:\/\/www.annemetka.com\/wp-content\/uploads\/2021\/05\/zimmerlinde-150x150.png 150w, https:\/\/www.annemetka.com\/wp-content\/uploads\/2021\/05\/zimmerlinde-768x767.png 768w, https:\/\/www.annemetka.com\/wp-content\/uploads\/2021\/05\/zimmerlinde.png 1178w\" sizes=\"auto, (max-width: 1024px) 100vw, 1024px\" \/><\/figure><\/div>\n\n\n\n<div style=\"height:30px\" aria-hidden=\"true\" class=\"wp-block-spacer\"><\/div>\n<\/div><\/div>\n\n\n\r\n<div class=\"wp-block-cover alignfull is-light\" style=\"min-height:300px;aspect-ratio:unset;\"><span aria-hidden=\"true\" class=\"wp-block-cover__background has-black-background-color has-background-dim-20 has-background-dim\"><\/span><img loading=\"lazy\" decoding=\"async\" width=\"1920\" height=\"2560\" class=\"wp-block-cover__image-background wp-image-522\" alt=\"\" src=\"https:\/\/www.annemetka.de\/\/mnt\/web523\/a3\/17\/527617\/htdocs\/STRATO-apps\/wordpress_02\/app\/wp-content\/uploads\/2021\/05\/BluehendeKirsche-scaled.jpg\" style=\"object-position:33% 40%\" data-object-fit=\"cover\" data-object-position=\"33% 40%\" srcset=\"https:\/\/www.annemetka.com\/wp-content\/uploads\/2021\/05\/BluehendeKirsche-scaled.jpg 1920w, https:\/\/www.annemetka.com\/wp-content\/uploads\/2021\/05\/BluehendeKirsche-scaled-600x800.jpg 600w, https:\/\/www.annemetka.com\/wp-content\/uploads\/2021\/05\/BluehendeKirsche-225x300.jpg 225w, https:\/\/www.annemetka.com\/wp-content\/uploads\/2021\/05\/BluehendeKirsche-768x1024.jpg 768w, https:\/\/www.annemetka.com\/wp-content\/uploads\/2021\/05\/BluehendeKirsche-1152x1536.jpg 1152w, https:\/\/www.annemetka.com\/wp-content\/uploads\/2021\/05\/BluehendeKirsche-1536x2048.jpg 1536w\" sizes=\"auto, (max-width: 1920px) 100vw, 1920px\" \/><div class=\"wp-block-cover__inner-container is-layout-flow wp-block-cover-is-layout-flow\">\r\n<h3 class=\"wp-block-heading has-text-align-center has-very-light-gray-color has-text-color\">Please get in touch with me in for orders, reseller or questions.<\/h3>\r\n\r\n\r\n\r\n<div class=\"wp-block-buttons is-horizontal is-content-justification-center is-layout-flex wp-container-core-buttons-is-layout-03627597 wp-block-buttons-is-layout-flex\">\r\n<div class=\"wp-block-button is-style-outline is-style-outline--13\"><a class=\"wp-block-button__link has-very-light-gray-color has-text-color wp-element-button\" href=\"mailto:anne@metka.de\">anne@metka.de<\/a><\/div>\r\n\r\n\r\n\r\n<div class=\"wp-block-button is-style-outline is-style-outline--14\"><a class=\"wp-block-button__link has-very-light-gray-color has-text-color wp-element-button\" href=\"tel:+49-178-52-969-56\">+49 178 52 969 56<\/a><\/div>\r\n<\/div>\r\n\r\n\r\n\r\n<p><\/p>\r\n<\/div><\/div>","protected":false},"excerpt":{"rendered":"<p>herbal infusion Kr\u00e4uterteemischung Diese Herbal Infusion bietet dir unkompliziert Zugang zu einer t\u00e4glichen Dosis Pflanzenmagie. Sie steckt voll wertvoller Sekund\u00e4rstoffe, die durch die besondere Art der Zubereitung nahezu vollst\u00e4ndig aus den Zellen der Pflanzen gel\u00f6st und so f\u00fcr dich nutzbar werden. Restore. Renourish. Recharge. Sorgf\u00e4ltig kombiniert, liebevoll von Hand gemischt und umweltschonend in Papier und [&hellip;]<\/p>\n","protected":false},"author":1,"featured_media":0,"parent":118,"menu_order":0,"comment_status":"closed","ping_status":"closed","template":"","meta":{"om_disable_all_campaigns":false,"_monsterinsights_skip_tracking":false,"_monsterinsights_sitenote_active":false,"_monsterinsights_sitenote_note":"","_monsterinsights_sitenote_category":0,"site-sidebar-layout":"default","site-content-layout":"plain-container","ast-site-content-layout":"normal-width-container","site-content-style":"unboxed","site-sidebar-style":"unboxed","ast-global-header-display":"","ast-banner-title-visibility":"","ast-main-header-display":"","ast-hfb-above-header-display":"","ast-hfb-below-header-display":"","ast-hfb-mobile-header-display":"","site-post-title":"disabled","ast-breadcrumbs-content":"","ast-featured-img":"","footer-sml-layout":"","ast-disable-related-posts":"","theme-transparent-header-meta":"enabled","adv-header-id-meta":"","stick-header-meta":"default","header-above-stick-meta":"","header-main-stick-meta":"","header-below-stick-meta":"","astra-migrate-meta-layouts":"set","ast-page-background-enabled":"default","ast-page-background-meta":{"desktop":{"background-color":"","background-image":"","background-repeat":"repeat","background-position":"center center","background-size":"auto","background-attachment":"scroll","background-type":"","background-media":"","overlay-type":"","overlay-color":"","overlay-opacity":"","overlay-gradient":""},"tablet":{"background-color":"","background-image":"","background-repeat":"repeat","background-position":"center center","background-size":"auto","background-attachment":"scroll","background-type":"","background-media":"","overlay-type":"","overlay-color":"","overlay-opacity":"","overlay-gradient":""},"mobile":{"background-color":"","background-image":"","background-repeat":"repeat","background-position":"center center","background-size":"auto","background-attachment":"scroll","background-type":"","background-media":"","overlay-type":"","overlay-color":"","overlay-opacity":"","overlay-gradient":""}},"ast-content-background-meta":{"desktop":{"background-color":"var(--ast-global-color-5)","background-image":"","background-repeat":"repeat","background-position":"center center","background-size":"auto","background-attachment":"scroll","background-type":"","background-media":"","overlay-type":"","overlay-color":"","overlay-opacity":"","overlay-gradient":""},"tablet":{"background-color":"var(--ast-global-color-5)","background-image":"","background-repeat":"repeat","background-position":"center center","background-size":"auto","background-attachment":"scroll","background-type":"","background-media":"","overlay-type":"","overlay-color":"","overlay-opacity":"","overlay-gradient":""},"mobile":{"background-color":"var(--ast-global-color-5)","background-image":"","background-repeat":"repeat","background-position":"center center","background-size":"auto","background-attachment":"scroll","background-type":"","background-media":"","overlay-type":"","overlay-color":"","overlay-opacity":"","overlay-gradient":""}},"footnotes":""},"class_list":["post-390","page","type-page","status-publish","hentry"],"aioseo_notices":[],"_links":{"self":[{"href":"https:\/\/www.annemetka.com\/en\/wp-json\/wp\/v2\/pages\/390","targetHints":{"allow":["GET"]}}],"collection":[{"href":"https:\/\/www.annemetka.com\/en\/wp-json\/wp\/v2\/pages"}],"about":[{"href":"https:\/\/www.annemetka.com\/en\/wp-json\/wp\/v2\/types\/page"}],"author":[{"embeddable":true,"href":"https:\/\/www.annemetka.com\/en\/wp-json\/wp\/v2\/users\/1"}],"replies":[{"embeddable":true,"href":"https:\/\/www.annemetka.com\/en\/wp-json\/wp\/v2\/comments?post=390"}],"version-history":[{"count":54,"href":"https:\/\/www.annemetka.com\/en\/wp-json\/wp\/v2\/pages\/390\/revisions"}],"predecessor-version":[{"id":1507,"href":"https:\/\/www.annemetka.com\/en\/wp-json\/wp\/v2\/pages\/390\/revisions\/1507"}],"up":[{"embeddable":true,"href":"https:\/\/www.annemetka.com\/en\/wp-json\/wp\/v2\/pages\/118"}],"wp:attachment":[{"href":"https:\/\/www.annemetka.com\/en\/wp-json\/wp\/v2\/media?parent=390"}],"curies":[{"name":"wp","href":"https:\/\/api.w.org\/{rel}","templated":true}]}}