{"id":188,"date":"2020-08-20T07:29:55","date_gmt":"2020-08-20T07:29:55","guid":{"rendered":"https:\/\/www.annemetka.de\/home\/"},"modified":"2025-03-24T09:17:55","modified_gmt":"2025-03-24T09:17:55","slug":"home-2","status":"publish","type":"page","link":"https:\/\/www.annemetka.com\/en\/","title":{"rendered":"Home"},"content":{"rendered":"<div style=\"height:100px\" aria-hidden=\"true\" class=\"wp-block-spacer\"><\/div>\n\n\n\n<div class=\"wp-block-cover alignfull\" style=\"min-height:60vh;aspect-ratio:unset;\"><span aria-hidden=\"true\" class=\"wp-block-cover__background has-white-background-color has-background-dim-40 has-background-dim\"><\/span><img loading=\"lazy\" decoding=\"async\" width=\"1920\" height=\"2560\" class=\"wp-block-cover__image-background wp-image-584\" alt=\"\" src=\"https:\/\/www.annemetka.de\/\/mnt\/web523\/a3\/17\/527617\/htdocs\/STRATO-apps\/wordpress_02\/app\/wp-content\/uploads\/2021\/05\/buche-scaled.jpg\" data-object-fit=\"cover\" srcset=\"https:\/\/www.annemetka.com\/wp-content\/uploads\/2021\/05\/buche-scaled.jpg 1920w, https:\/\/www.annemetka.com\/wp-content\/uploads\/2021\/05\/buche-scaled-600x800.jpg 600w, https:\/\/www.annemetka.com\/wp-content\/uploads\/2021\/05\/buche-225x300.jpg 225w, https:\/\/www.annemetka.com\/wp-content\/uploads\/2021\/05\/buche-768x1024.jpg 768w, https:\/\/www.annemetka.com\/wp-content\/uploads\/2021\/05\/buche-1152x1536.jpg 1152w, https:\/\/www.annemetka.com\/wp-content\/uploads\/2021\/05\/buche-1536x2048.jpg 1536w\" sizes=\"auto, (max-width: 1920px) 100vw, 1920px\" \/><div class=\"wp-block-cover__inner-container is-layout-flow wp-block-cover-is-layout-flow\">\n<h1 class=\"wp-block-heading has-text-align-center has-text-color has-huge-font-size\" style=\"color:#2a2a2a\">There is beauty in healing &#8211; there is healing in beauty.<br><\/h1>\n<\/div><\/div>\n\n\n\n<div style=\"height:50px\" aria-hidden=\"true\" class=\"wp-block-spacer\"><\/div>\n\n\n\n<div class=\"inherit-container-width wp-block-group alignfull has-white-background-color has-background is-layout-constrained wp-block-group-is-layout-constrained\"><div class=\"wp-block-group__inner-container\">\n<div class=\"wp-block-columns is-layout-flex wp-container-core-columns-is-layout-28f84493 wp-block-columns-is-layout-flex\">\n<div class=\"wp-block-column is-layout-flow wp-block-column-is-layout-flow\" style=\"flex-basis:33.33%\">\n<h3 class=\"wp-block-heading\">Hej, sch\u00f6n, dass du hier bist!<\/h3>\n<\/div>\n\n\n\n<div class=\"wp-block-column is-layout-flow wp-block-column-is-layout-flow\" style=\"flex-basis:66.66%\">\n<p>Sch\u00f6nheit, Entspannung, Gl\u00fcck und Gesundheit sind f\u00fcr mich nicht zu trennen.<\/p>\n\n\n\n<p>Wohlbefinden findet in einem Flie\u00dfgleichgewicht zwischen Umwelt, K\u00f6rper und Seele statt. Dieses Flie\u00dfgleichgewicht in dir zu n\u00e4hren und zu st\u00e4rken, ist das Anliegen meiner Angebote. <\/p>\n<\/div>\n<\/div>\n<\/div><\/div>\n\n\n\n<div style=\"height:30px\" aria-hidden=\"true\" class=\"wp-block-spacer\"><\/div>\n\n\n\n<div class=\"wp-block-columns is-layout-flex wp-container-core-columns-is-layout-d7d455e7 wp-block-columns-is-layout-flex\" style=\"padding-top:0;padding-right:0;padding-bottom:0;padding-left:0\">\n<div class=\"wp-block-column is-layout-flow wp-block-column-is-layout-flow\" style=\"flex-basis:33.33%\">\n<div class=\"wp-block-cover is-light\"><span aria-hidden=\"true\" class=\"wp-block-cover__background has-white-background-color has-background-dim-20 has-background-dim\"><\/span><img loading=\"lazy\" decoding=\"async\" width=\"1707\" height=\"2560\" class=\"wp-block-cover__image-background wp-image-305\" alt=\"\" src=\"https:\/\/www.annemetka.de\/\/mnt\/web523\/a3\/17\/527617\/htdocs\/STRATO-apps\/wordpress_02\/app\/wp-content\/uploads\/2021\/04\/Anne_M_Naturals-28-scaled.jpg\" data-object-fit=\"cover\" srcset=\"https:\/\/www.annemetka.com\/wp-content\/uploads\/2021\/04\/Anne_M_Naturals-28-scaled.jpg 1707w, https:\/\/www.annemetka.com\/wp-content\/uploads\/2021\/04\/Anne_M_Naturals-28-scaled-600x900.jpg 600w, https:\/\/www.annemetka.com\/wp-content\/uploads\/2021\/04\/Anne_M_Naturals-28-200x300.jpg 200w, https:\/\/www.annemetka.com\/wp-content\/uploads\/2021\/04\/Anne_M_Naturals-28-683x1024.jpg 683w, https:\/\/www.annemetka.com\/wp-content\/uploads\/2021\/04\/Anne_M_Naturals-28-768x1152.jpg 768w, https:\/\/www.annemetka.com\/wp-content\/uploads\/2021\/04\/Anne_M_Naturals-28-1024x1536.jpg 1024w, https:\/\/www.annemetka.com\/wp-content\/uploads\/2021\/04\/Anne_M_Naturals-28-1365x2048.jpg 1365w\" sizes=\"auto, (max-width: 1707px) 100vw, 1707px\" \/><div class=\"wp-block-cover__inner-container is-layout-flow wp-block-cover-is-layout-flow\">\n<h2 class=\"wp-block-heading has-text-align-center\">Treatments &amp; Coaching<\/h2>\n\n\n\n<div style=\"height:30px\" aria-hidden=\"true\" class=\"wp-block-spacer\"><\/div>\n\n\n\n<div class=\"wp-block-buttons is-horizontal is-content-justification-center is-layout-flex wp-container-core-buttons-is-layout-03627597 wp-block-buttons-is-layout-flex\">\n<div class=\"wp-block-button is-style-outline is-style-outline--7\"><a class=\"wp-block-button__link has-white-color has-text-color has-border-color has-ast-global-color-5-border-color wp-element-button\" href=\"https:\/\/www.annemetka.de\/en\/treatments-coaching\/\">Read more<\/a><\/div>\n<\/div>\n<\/div><\/div>\n<\/div>\n\n\n\n<div class=\"wp-block-column is-layout-flow wp-block-column-is-layout-flow\" style=\"flex-basis:33.33%\">\n<div class=\"wp-block-cover is-light\"><span aria-hidden=\"true\" class=\"wp-block-cover__background has-white-background-color has-background-dim-20 has-background-dim\"><\/span><img loading=\"lazy\" decoding=\"async\" width=\"1707\" height=\"2560\" class=\"wp-block-cover__image-background wp-image-246\" alt=\"\" src=\"https:\/\/www.annemetka.de\/\/mnt\/web523\/a3\/17\/527617\/htdocs\/STRATO-apps\/wordpress_02\/app\/wp-content\/uploads\/2021\/04\/Anne_M_Naturals-12-scaled.jpg\" data-object-fit=\"cover\" srcset=\"https:\/\/www.annemetka.com\/wp-content\/uploads\/2021\/04\/Anne_M_Naturals-12-scaled.jpg 1707w, https:\/\/www.annemetka.com\/wp-content\/uploads\/2021\/04\/Anne_M_Naturals-12-scaled-600x900.jpg 600w, https:\/\/www.annemetka.com\/wp-content\/uploads\/2021\/04\/Anne_M_Naturals-12-200x300.jpg 200w, https:\/\/www.annemetka.com\/wp-content\/uploads\/2021\/04\/Anne_M_Naturals-12-683x1024.jpg 683w, https:\/\/www.annemetka.com\/wp-content\/uploads\/2021\/04\/Anne_M_Naturals-12-768x1152.jpg 768w, https:\/\/www.annemetka.com\/wp-content\/uploads\/2021\/04\/Anne_M_Naturals-12-1024x1536.jpg 1024w, https:\/\/www.annemetka.com\/wp-content\/uploads\/2021\/04\/Anne_M_Naturals-12-1366x2048.jpg 1366w\" sizes=\"auto, (max-width: 1707px) 100vw, 1707px\" \/><div class=\"wp-block-cover__inner-container is-layout-flow wp-block-cover-is-layout-flow\">\n<h2 class=\"wp-block-heading has-text-align-center has-white-color has-text-color\">Herb Tea Blends<\/h2>\n\n\n\n<div style=\"height:30px\" aria-hidden=\"true\" class=\"wp-block-spacer\"><\/div>\n\n\n\n<div class=\"wp-block-buttons is-horizontal is-content-justification-center is-layout-flex wp-container-core-buttons-is-layout-03627597 wp-block-buttons-is-layout-flex\">\n<div class=\"wp-block-button is-style-outline is-style-outline--8\"><a class=\"wp-block-button__link has-white-color has-text-color has-border-color has-ast-global-color-5-border-color wp-element-button\" href=\"https:\/\/www.annemetka.de\/en\/products\/herb-tea-blends\">Read more<\/a><\/div>\n<\/div>\n<\/div><\/div>\n<\/div>\n\n\n\n<div class=\"wp-block-column is-layout-flow wp-block-column-is-layout-flow\" style=\"flex-basis:35%\">\n<div class=\"wp-block-cover is-light\"><span aria-hidden=\"true\" class=\"wp-block-cover__background has-white-background-color has-background-dim-20 has-background-dim\"><\/span><img loading=\"lazy\" decoding=\"async\" width=\"1707\" height=\"2560\" class=\"wp-block-cover__image-background wp-image-247\" alt=\"\" src=\"https:\/\/www.annemetka.de\/\/mnt\/web523\/a3\/17\/527617\/htdocs\/STRATO-apps\/wordpress_02\/app\/wp-content\/uploads\/2021\/04\/Anne_M_Naturals-16-scaled.jpg\" data-object-fit=\"cover\" srcset=\"https:\/\/www.annemetka.com\/wp-content\/uploads\/2021\/04\/Anne_M_Naturals-16-scaled.jpg 1707w, https:\/\/www.annemetka.com\/wp-content\/uploads\/2021\/04\/Anne_M_Naturals-16-scaled-600x900.jpg 600w, https:\/\/www.annemetka.com\/wp-content\/uploads\/2021\/04\/Anne_M_Naturals-16-200x300.jpg 200w, https:\/\/www.annemetka.com\/wp-content\/uploads\/2021\/04\/Anne_M_Naturals-16-683x1024.jpg 683w, https:\/\/www.annemetka.com\/wp-content\/uploads\/2021\/04\/Anne_M_Naturals-16-768x1152.jpg 768w, https:\/\/www.annemetka.com\/wp-content\/uploads\/2021\/04\/Anne_M_Naturals-16-1024x1536.jpg 1024w, https:\/\/www.annemetka.com\/wp-content\/uploads\/2021\/04\/Anne_M_Naturals-16-1365x2048.jpg 1365w\" sizes=\"auto, (max-width: 1707px) 100vw, 1707px\" \/><div class=\"wp-block-cover__inner-container is-layout-flow wp-block-cover-is-layout-flow\">\n<h2 class=\"wp-block-heading has-text-align-center has-white-color has-text-color\">Face Oils<\/h2>\n\n\n\n<div style=\"height:30px\" aria-hidden=\"true\" class=\"wp-block-spacer\"><\/div>\n\n\n\n<div class=\"wp-block-buttons is-horizontal is-content-justification-center is-layout-flex wp-container-core-buttons-is-layout-03627597 wp-block-buttons-is-layout-flex\">\n<div class=\"wp-block-button is-style-outline is-style-outline--9\"><a class=\"wp-block-button__link has-white-color has-text-color has-border-color has-ast-global-color-5-border-color wp-element-button\" href=\"https:\/\/www.annemetka.de\/en\/produczs\/face-oils\">Read more<\/a><\/div>\n<\/div>\n<\/div><\/div>\n<\/div>\n<\/div>\n\n\n\n<div style=\"height:50px\" aria-hidden=\"true\" class=\"wp-block-spacer\"><\/div>\n\n\n\n<div class=\"wp-block-cover is-light\" style=\"min-height:476px;aspect-ratio:unset;\"><span aria-hidden=\"true\" class=\"wp-block-cover__background has-white-background-color has-background-dim-40 has-background-dim\"><\/span><img loading=\"lazy\" decoding=\"async\" width=\"2471\" height=\"2462\" class=\"wp-block-cover__image-background wp-image-636\" alt=\"\" src=\"https:\/\/www.annemetka.de\/\/mnt\/web523\/a3\/17\/527617\/htdocs\/STRATO-apps\/wordpress_02\/app\/wp-content\/uploads\/2021\/05\/Paeonie_HiRes.jpg\" style=\"object-position:26% 43%\" data-object-fit=\"cover\" data-object-position=\"26% 43%\" srcset=\"https:\/\/www.annemetka.com\/wp-content\/uploads\/2021\/05\/Paeonie_HiRes.jpg 2471w, https:\/\/www.annemetka.com\/wp-content\/uploads\/2021\/05\/Paeonie_HiRes-315x315.jpg 315w, https:\/\/www.annemetka.com\/wp-content\/uploads\/2021\/05\/Paeonie_HiRes-100x100.jpg 100w, https:\/\/www.annemetka.com\/wp-content\/uploads\/2021\/05\/Paeonie_HiRes-600x598.jpg 600w, https:\/\/www.annemetka.com\/wp-content\/uploads\/2021\/05\/Paeonie_HiRes-300x300.jpg 300w, https:\/\/www.annemetka.com\/wp-content\/uploads\/2021\/05\/Paeonie_HiRes-1024x1020.jpg 1024w, https:\/\/www.annemetka.com\/wp-content\/uploads\/2021\/05\/Paeonie_HiRes-150x150.jpg 150w, https:\/\/www.annemetka.com\/wp-content\/uploads\/2021\/05\/Paeonie_HiRes-768x765.jpg 768w, https:\/\/www.annemetka.com\/wp-content\/uploads\/2021\/05\/Paeonie_HiRes-1536x1530.jpg 1536w, https:\/\/www.annemetka.com\/wp-content\/uploads\/2021\/05\/Paeonie_HiRes-2048x2041.jpg 2048w\" sizes=\"auto, (max-width: 2471px) 100vw, 2471px\" \/><div class=\"wp-block-cover__inner-container is-layout-flow wp-block-cover-is-layout-flow\">\n<h2 class=\"wp-block-heading has-text-align-center has-text-color\" style=\"color:#2a2a2a\">Wenn wir von Innen heraus strahlen, uns selbst und unsere Bed\u00fcrfnisse kennen und versorgen<br>k\u00f6nnen, geht es uns gut!<\/h2>\n<\/div><\/div>\n\n\n\n<div style=\"height:70px\" aria-hidden=\"true\" class=\"wp-block-spacer\"><\/div>\n\n\n\n<div class=\"wp-block-columns is-layout-flex wp-container-core-columns-is-layout-28f84493 wp-block-columns-is-layout-flex\">\n<div class=\"wp-block-column is-layout-flow wp-block-column-is-layout-flow\" style=\"flex-basis:50%\">\n<div class=\"wp-block-cover\"><span aria-hidden=\"true\" class=\"wp-block-cover__background has-white-background-color has-background-dim-20 has-background-dim\"><\/span><img loading=\"lazy\" decoding=\"async\" width=\"1920\" height=\"1280\" class=\"wp-block-cover__image-background wp-image-250\" alt=\"\" src=\"https:\/\/www.annemetka.de\/\/mnt\/web523\/a3\/17\/527617\/htdocs\/STRATO-apps\/wordpress_02\/app\/wp-content\/uploads\/2021\/04\/Anne_M_Naturals-2.jpg\" data-object-fit=\"cover\" srcset=\"https:\/\/www.annemetka.com\/wp-content\/uploads\/2021\/04\/Anne_M_Naturals-2.jpg 1920w, https:\/\/www.annemetka.com\/wp-content\/uploads\/2021\/04\/Anne_M_Naturals-2-600x400.jpg 600w, https:\/\/www.annemetka.com\/wp-content\/uploads\/2021\/04\/Anne_M_Naturals-2-300x200.jpg 300w, https:\/\/www.annemetka.com\/wp-content\/uploads\/2021\/04\/Anne_M_Naturals-2-1024x683.jpg 1024w, https:\/\/www.annemetka.com\/wp-content\/uploads\/2021\/04\/Anne_M_Naturals-2-768x512.jpg 768w, https:\/\/www.annemetka.com\/wp-content\/uploads\/2021\/04\/Anne_M_Naturals-2-1536x1024.jpg 1536w\" sizes=\"auto, (max-width: 1920px) 100vw, 1920px\" \/><div class=\"wp-block-cover__inner-container is-layout-flow wp-block-cover-is-layout-flow\">\n<p class=\"has-text-align-center has-large-font-size\"><\/p>\n<\/div><\/div>\n<\/div>\n\n\n\n<div class=\"wp-block-column is-layout-flow wp-block-column-is-layout-flow\" style=\"flex-basis:50%\">\n<p>treatments for body and soul<\/p>\n\n\n\n<h2 class=\"wp-block-heading\">nourishing nature<\/h2>\n\n\n\n<p>Natur n\u00e4hrt uns auf k\u00f6rperlicher und seelischer Ebene. F\u00fcr uns ist immer optimal gesorgt. Wir sind Natur.<\/p>\n\n\n\n<p>Verbinde Dich, komme in deine Kraft, deinen Rhythmus, dein Strahlen und versorge dich mit einer t\u00e4glichen Dosis n\u00e4hrender Pflanzenkraft!<\/p>\n\n\n\n<div class=\"wp-block-buttons is-horizontal is-content-justification-center is-layout-flex wp-container-core-buttons-is-layout-03627597 wp-block-buttons-is-layout-flex\">\n<div class=\"wp-block-button is-style-outline is-style-outline--10\"><a class=\"wp-block-button__link wp-element-button\" href=\"https:\/\/www.annemetka.de\/en\/products\">Face Oils, Herbal Infusion, Tea Blends<\/a><\/div>\n<\/div>\n<\/div>\n<\/div>\n\n\n\n<div style=\"height:50px\" aria-hidden=\"true\" class=\"wp-block-spacer\"><\/div>\n\n\n\n<div class=\"wp-block-columns reverse-mobile is-layout-flex wp-container-core-columns-is-layout-28f84493 wp-block-columns-is-layout-flex\">\n<div class=\"wp-block-column is-layout-flow wp-block-column-is-layout-flow\" style=\"flex-basis:50%\">\n<p>everything flows<\/p>\n\n\n\n<h2 class=\"wp-block-heading\">embrace change &#8211; reclaim your power<\/h2>\n\n\n\n<p>Nichts ist so best\u00e4ndig wie der Wandel.&nbsp;Das Leben ist immer ein Prozess &#8211; wenn wir das verinnerlichen, tiefes vertrauen und loslassen lernen, f\u00e4llt es so viel leichter.&nbsp;<\/p>\n\n\n\n<p>Sorgen, \u00c4ngste, Unsicherheiten und Ersch\u00f6pfung d\u00fcrfen sich l\u00f6sen und deinem vollen Potential Platz machen! Nimm dein Leben in deine H\u00e4nde, indem du eine neue Perspektive einl\u00e4dst und beibeh\u00e4ltst.&nbsp;<\/p>\n\n\n\n<div class=\"wp-block-buttons is-layout-flex wp-block-buttons-is-layout-flex\">\n<div class=\"wp-block-button is-style-outline is-style-outline--11\"><a class=\"wp-block-button__link wp-element-button\" href=\"https:\/\/www.annemetka.de\/en\/treatments-coaching\/\">Treatments and Coaching<\/a><\/div>\n<\/div>\n<\/div>\n\n\n\n<div class=\"wp-block-column is-layout-flow wp-block-column-is-layout-flow\" style=\"flex-basis:50%\">\n<div class=\"wp-block-cover\" style=\"min-height:500px;aspect-ratio:unset;\"><span aria-hidden=\"true\" class=\"wp-block-cover__background has-white-background-color has-background-dim-20 has-background-dim\"><\/span><img loading=\"lazy\" decoding=\"async\" width=\"1184\" height=\"1194\" class=\"wp-block-cover__image-background wp-image-588\" alt=\"\" src=\"https:\/\/www.annemetka.de\/\/mnt\/web523\/a3\/17\/527617\/htdocs\/STRATO-apps\/wordpress_02\/app\/wp-content\/uploads\/2021\/05\/wasser.png\" data-object-fit=\"cover\" srcset=\"https:\/\/www.annemetka.com\/wp-content\/uploads\/2021\/05\/wasser.png 1184w, https:\/\/www.annemetka.com\/wp-content\/uploads\/2021\/05\/wasser-100x100.png 100w, https:\/\/www.annemetka.com\/wp-content\/uploads\/2021\/05\/wasser-600x605.png 600w, https:\/\/www.annemetka.com\/wp-content\/uploads\/2021\/05\/wasser-297x300.png 297w, https:\/\/www.annemetka.com\/wp-content\/uploads\/2021\/05\/wasser-1015x1024.png 1015w, https:\/\/www.annemetka.com\/wp-content\/uploads\/2021\/05\/wasser-150x150.png 150w, https:\/\/www.annemetka.com\/wp-content\/uploads\/2021\/05\/wasser-768x774.png 768w\" sizes=\"auto, (max-width: 1184px) 100vw, 1184px\" \/><div class=\"wp-block-cover__inner-container is-layout-flow wp-block-cover-is-layout-flow\">\n<p class=\"has-text-align-center has-large-font-size\"><\/p>\n<\/div><\/div>\n<\/div>\n<\/div>\n\n\n\n<div style=\"height:50px\" aria-hidden=\"true\" class=\"wp-block-spacer\"><\/div>\n\n\n\n<div class=\"wp-block-columns is-layout-flex wp-container-core-columns-is-layout-28f84493 wp-block-columns-is-layout-flex\">\n<div class=\"wp-block-column is-layout-flow wp-block-column-is-layout-flow\" style=\"flex-basis:50%\">\n<div class=\"wp-block-cover is-light\"><span aria-hidden=\"true\" class=\"wp-block-cover__background has-white-background-color has-background-dim-20 has-background-dim\"><\/span><img loading=\"lazy\" decoding=\"async\" width=\"1912\" height=\"2560\" class=\"wp-block-cover__image-background wp-image-531\" alt=\"\" src=\"https:\/\/www.annemetka.de\/\/mnt\/web523\/a3\/17\/527617\/htdocs\/STRATO-apps\/wordpress_02\/app\/wp-content\/uploads\/2021\/05\/Paeonie2-scaled.jpg\" data-object-fit=\"cover\" srcset=\"https:\/\/www.annemetka.com\/wp-content\/uploads\/2021\/05\/Paeonie2-scaled.jpg 1912w, https:\/\/www.annemetka.com\/wp-content\/uploads\/2021\/05\/Paeonie2-scaled-600x803.jpg 600w, https:\/\/www.annemetka.com\/wp-content\/uploads\/2021\/05\/Paeonie2-224x300.jpg 224w, https:\/\/www.annemetka.com\/wp-content\/uploads\/2021\/05\/Paeonie2-765x1024.jpg 765w, https:\/\/www.annemetka.com\/wp-content\/uploads\/2021\/05\/Paeonie2-768x1028.jpg 768w, https:\/\/www.annemetka.com\/wp-content\/uploads\/2021\/05\/Paeonie2-1147x1536.jpg 1147w, https:\/\/www.annemetka.com\/wp-content\/uploads\/2021\/05\/Paeonie2-1530x2048.jpg 1530w\" sizes=\"auto, (max-width: 1912px) 100vw, 1912px\" \/><div class=\"wp-block-cover__inner-container is-layout-flow wp-block-cover-is-layout-flow\">\n<p class=\"has-text-align-center has-large-font-size\"><\/p>\n<\/div><\/div>\n<\/div>\n\n\n\n<div class=\"wp-block-column is-layout-flow wp-block-column-is-layout-flow\" style=\"flex-basis:50%\">\n<p>let&#8217;s mother you for a while<\/p>\n\n\n\n<h2 class=\"wp-block-heading\">relax, regenerate and transform<\/h2>\n\n\n\n<p>Regeneration ist auch nach langen, herausfordernden Phasen m\u00f6glich. Ich unterst\u00fctze dich, in dein Bl\u00fchen zu kommen. Wir kreieren den Raum den du brauchst um aufzutanken, zu genie\u00dfen und dich zu entfalten!&nbsp;<\/p>\n\n\n\n<p>Erlaube Dir Entspannung auf k\u00f6rperlicher und seelischer Ebene!<\/p>\n\n\n\n<div class=\"wp-block-buttons is-horizontal is-content-justification-center is-layout-flex wp-container-core-buttons-is-layout-03627597 wp-block-buttons-is-layout-flex\">\n<div class=\"wp-block-button is-style-outline is-style-outline--12\"><a class=\"wp-block-button__link wp-element-button\" href=\"https:\/\/www.annemetka.de\/en\/treatments-coaching\/\">Massages and Reiki<\/a><\/div>\n<\/div>\n<\/div>\n<\/div>","protected":false},"excerpt":{"rendered":"<p>Hej, sch\u00f6n, dass du hier bist! Sch\u00f6nheit, Entspannung, Gl\u00fcck und Gesundheit sind f\u00fcr mich nicht zu trennen. Wohlbefinden findet in einem Flie\u00dfgleichgewicht zwischen Umwelt, K\u00f6rper und Seele statt. Dieses Flie\u00dfgleichgewicht in dir zu n\u00e4hren und zu st\u00e4rken, ist das Anliegen meiner Angebote. treatments for body and soul nourishing nature Natur n\u00e4hrt uns auf k\u00f6rperlicher und [&hellip;]<\/p>\n","protected":false},"author":1,"featured_media":0,"parent":0,"menu_order":0,"comment_status":"closed","ping_status":"closed","template":"","meta":{"om_disable_all_campaigns":false,"_monsterinsights_skip_tracking":false,"_monsterinsights_sitenote_active":false,"_monsterinsights_sitenote_note":"","_monsterinsights_sitenote_category":0,"site-sidebar-layout":"default","site-content-layout":"plain-container","ast-site-content-layout":"normal-width-container","site-content-style":"unboxed","site-sidebar-style":"unboxed","ast-global-header-display":"","ast-banner-title-visibility":"","ast-main-header-display":"","ast-hfb-above-header-display":"","ast-hfb-below-header-display":"","ast-hfb-mobile-header-display":"","site-post-title":"disabled","ast-breadcrumbs-content":"","ast-featured-img":"","footer-sml-layout":"","ast-disable-related-posts":"","theme-transparent-header-meta":"enabled","adv-header-id-meta":"","stick-header-meta":"default","header-above-stick-meta":"","header-main-stick-meta":"","header-below-stick-meta":"","astra-migrate-meta-layouts":"set","ast-page-background-enabled":"default","ast-page-background-meta":{"desktop":{"background-color":"","background-image":"","background-repeat":"repeat","background-position":"center center","background-size":"auto","background-attachment":"scroll","background-type":"","background-media":"","overlay-type":"","overlay-color":"","overlay-opacity":"","overlay-gradient":""},"tablet":{"background-color":"","background-image":"","background-repeat":"repeat","background-position":"center center","background-size":"auto","background-attachment":"scroll","background-type":"","background-media":"","overlay-type":"","overlay-color":"","overlay-opacity":"","overlay-gradient":""},"mobile":{"background-color":"","background-image":"","background-repeat":"repeat","background-position":"center center","background-size":"auto","background-attachment":"scroll","background-type":"","background-media":"","overlay-type":"","overlay-color":"","overlay-opacity":"","overlay-gradient":""}},"ast-content-background-meta":{"desktop":{"background-color":"var(--ast-global-color-5)","background-image":"","background-repeat":"repeat","background-position":"center center","background-size":"auto","background-attachment":"scroll","background-type":"","background-media":"","overlay-type":"","overlay-color":"","overlay-opacity":"","overlay-gradient":""},"tablet":{"background-color":"var(--ast-global-color-5)","background-image":"","background-repeat":"repeat","background-position":"center center","background-size":"auto","background-attachment":"scroll","background-type":"","background-media":"","overlay-type":"","overlay-color":"","overlay-opacity":"","overlay-gradient":""},"mobile":{"background-color":"var(--ast-global-color-5)","background-image":"","background-repeat":"repeat","background-position":"center center","background-size":"auto","background-attachment":"scroll","background-type":"","background-media":"","overlay-type":"","overlay-color":"","overlay-opacity":"","overlay-gradient":""}},"footnotes":""},"class_list":["post-188","page","type-page","status-publish","hentry"],"aioseo_notices":[],"_links":{"self":[{"href":"https:\/\/www.annemetka.com\/en\/wp-json\/wp\/v2\/pages\/188","targetHints":{"allow":["GET"]}}],"collection":[{"href":"https:\/\/www.annemetka.com\/en\/wp-json\/wp\/v2\/pages"}],"about":[{"href":"https:\/\/www.annemetka.com\/en\/wp-json\/wp\/v2\/types\/page"}],"author":[{"embeddable":true,"href":"https:\/\/www.annemetka.com\/en\/wp-json\/wp\/v2\/users\/1"}],"replies":[{"embeddable":true,"href":"https:\/\/www.annemetka.com\/en\/wp-json\/wp\/v2\/comments?post=188"}],"version-history":[{"count":151,"href":"https:\/\/www.annemetka.com\/en\/wp-json\/wp\/v2\/pages\/188\/revisions"}],"predecessor-version":[{"id":1655,"href":"https:\/\/www.annemetka.com\/en\/wp-json\/wp\/v2\/pages\/188\/revisions\/1655"}],"wp:attachment":[{"href":"https:\/\/www.annemetka.com\/en\/wp-json\/wp\/v2\/media?parent=188"}],"curies":[{"name":"wp","href":"https:\/\/api.w.org\/{rel}","templated":true}]}}