{"id":1403,"date":"2022-03-01T19:44:54","date_gmt":"2022-03-01T19:44:54","guid":{"rendered":"https:\/\/www.annemetka.de\/?page_id=1403"},"modified":"2023-12-13T12:18:34","modified_gmt":"2023-12-13T12:18:34","slug":"agb-kurse","status":"publish","type":"page","link":"https:\/\/www.annemetka.com\/en\/agb-kurse\/","title":{"rendered":"Allgemeine Gesch\u00e4ftsbedingungen (AGB) Kurse"},"content":{"rendered":"<p class=\"qtranxs-available-languages-message qtranxs-available-languages-message-en\">Sorry, this entry is only available in <a href=\"https:\/\/www.annemetka.com\/de\/wp-json\/wp\/v2\/pages\/1403\" class=\"qtranxs-available-language-link qtranxs-available-language-link-de\" title=\"Deutsch\">Deutsch<\/a>.<\/p><h4 class=\"wp-block-heading\">von a.m. nourishing nature, Anne Metka, \u00d8ster Bregningemark 7, 5970 \u00c6r\u00f8sk\u00f8bing,<br>Danmark<\/h4>\n\n\n\n<p>(Stand: Dezember 2023)<\/p>\n\n\n\n<h2 class=\"wp-block-heading\">Anmeldung und Vertragsabschluss<\/h2>\n\n\n\n<p>Die Anmeldung erfolgt schriftlich, per Mail oder \u00fcber die Homepage www.annemetka.de.<br>Die Anmeldungen werden in der Reihenfolge des Eingangs ber\u00fccksichtigt.<br>Sollte die Veranstaltung bereits ausgebucht sein, kannst du dich auf eine Warteliste setzen lassen.<br>Kann deine Anmeldung ber\u00fccksichtigt werden, erh\u00e4ltst du eine Anmeldebest\u00e4tigung per E-Mail.<br>Die Anmeldung ist verbindlich und mit deiner Anmeldung und meiner Anmeldebest\u00e4tigung kommt ein Vertrag zustande.<\/p>\n\n\n\n<h2 class=\"wp-block-heading\">Zahlung<\/h2>\n\n\n\n<p>Die Teilnahmegeb\u00fchr ist mit der best\u00e4tigten Anmeldung f\u00e4llig und vor Kursbeginn zu zahlen. Rechnungen sind innerhalb von 10 Tagen nach Zugang zu bezahlen.<br>Bei Zahlungsverzug ist der Rechnungsbetrag w\u00e4hrend des Verzugs in H\u00f6he des gesetzlichen Verzugszinssatz zu verzinsen. Die Geltendmachung eines h\u00f6heren Verzugsschadens bleibt vorbehalten. Mahnkosten gehen zu deinen Lasten und ich stelle f\u00fcr jede au\u00dfergerichtliche Mahnung 5,00\u20ac in Rechnung.<\/p>\n\n\n\n<h2 class=\"wp-block-heading\">Verlegung von Kursterminen<\/h2>\n\n\n\n<p>Alle angebotenen Kurse finden zu den angegebenen Terminen und Zeiten statt.<br>\u00c4nderungen sind mir vorbehalten. Wenn \u00c4nderungen vor Kursbeginn gemacht werden, erh\u00e4ltst du ein Sonderk\u00fcndigungsrecht f\u00fcr 7 Tage. Das Verlegen von einzelnen Terminen im Kursverlauf hat kein Sonderk\u00fcndigungsrecht oder Teilerstattungen zur Folge.<br>Ausgefallene Stunden versuchen wir nach M\u00f6glichkeit nachholen. Bei nicht Erreichen der erforderliche Mindestteilnehmerzahl behalte ich mir vor, den Kurs bis zum Tag des eigentlichen Kursbeginns abzusagen, soweit keine besondere Vereinbarung erfolgt ist.<\/p>\n\n\n\n<h2 class=\"wp-block-heading\">Onlineangebote<\/h2>\n\n\n\n<p>Ist die Durchf\u00fchrung eines Kurses als Pr\u00e4senzkurs (z.B. aufgrund der Coronaschutzverordnung) nicht (mehr) m\u00f6glich, werde ich f\u00fcr einzelne Termine oder den gesamten Kurs auf ein Onlineangebot ausweichen. Dies f\u00fchrt zu keinem Sonderk\u00fcndigungsrecht. Das Angebot findet live zu den gebuchten Terminen statt. Eine Videoaufzeichnung ist nur nach Einverst\u00e4ndniserkl\u00e4rung aller TeilnehmerInnen m\u00f6glich.<br>F\u00fcr nicht wahrgenommene Onlinetermine gelten die gleichen Regelungen wie f\u00fcr Pr\u00e4senztermine.<\/p>\n\n\n\n<h2 class=\"wp-block-heading\">Teilnahmebescheinigung<\/h2>\n\n\n\n<p>Nach absolviertem Kurs kann der Teilnehmer\/die Teilnehmerin eine Teilnahmebescheinigung erhalten. Die erste Teilnahmebescheinigung ist kostenlos. F\u00fcr jede weitere werden bei Selbstabholung \u20ac 10,00, bei Versand \u20ac 11,50 berechnet.<\/p>\n\n\n\n<h2 class=\"wp-block-heading\">Schulungsmaterial, Skripte, Handouts<\/h2>\n\n\n\n<p>Alle Schulungsunterlagen, Skripte und Handouts, die ich im Rahmen von Kurses an dich aush\u00e4ndige, sind urheberrechtlich gesch\u00fctzt und d\u00fcrfen nicht vervielf\u00e4ltigt, \u00f6ffentlich zug\u00e4nglich gemacht oder an Dritte weitergegeben werden.<\/p>\n\n\n\n<h2 class=\"wp-block-heading\">Haftung<\/h2>\n\n\n\n<p>Die Teilnahme erfolgt auf eigene Verantwortung und Kosten. Ich \u00fcbernehme hier keinerlei Haftung.<br>Ich \u00fcbernehme au\u00dferdem keine Haftung oder Gew\u00e4hr f\u00fcr die Richtigkeit, Aktualit\u00e4t und Vollst\u00e4ndigkeit der Inhalte des Kurses und der Schulungsmaterialien.<\/p>\n\n\n\n<h3 class=\"wp-block-heading\">Haftung f\u00fcr Eigentum<\/h3>\n\n\n\n<p>Ich \u00fcbernehme keine Haftung f\u00fcr mitgebrachte (Wert-) Gegenst\u00e4nde und Garderobe.<br>Auch \u00fcbernehme ich keine Haftung f\u00fcr die Besch\u00e4digung von Eigentum von Teilnehmern (z.B. Brillen, Mobiltelefone), wenn dieses w\u00e4hrend der \u00dcbungen besch\u00e4digt wird.<\/p>\n\n\n\n<p>Ich \u00fcbernehme keine Haftung f\u00fcr die Besch\u00e4digung der Gesundheit, wenn diese aus Situationen heraus erfolgt, die nicht im konkreten Zusammenhang mit den \u00dcbungsanleitungen steht.<\/p>\n\n\n\n<p>Die Haftung ist beschr\u00e4nkt auf Vorsatz und grobe Fahrl\u00e4ssigkeit.<\/p>\n\n\n\n<h2 class=\"wp-block-heading\">Reklamation<\/h2>\n\n\n\n<p>Reklamationen sind Anne Metka schriftlich binnen 7 Tage nach Kursende vorzutragen.<br>Sollten Verletzungen oder Beschwerden im Zusammenhang mit dem Besuch einer Veranstaltung auftreten, so sind diese unverz\u00fcglich m\u00fcndlich bei der jeweiligen Kursleitung anzuzeigen, sowie schriftlich an Anne Metka zu melden.<\/p>\n\n\n\n<h2 class=\"wp-block-heading\">Stornierung\/ R\u00fccktritt \/ Widerrufsrecht<\/h2>\n\n\n\n<p>Du hast das Recht, binnen vierzehn Tagen ohne Angabe von Gr\u00fcnden unseren Vertrag zu widerrufen. Die Widerrufsfrist betr\u00e4gt vierzehn Tage ab dem Tag, der Anmeldebest\u00e4tigung. Um Dein Widerrufsrecht auszu\u00fcben, musst Du Anne Metka ( Anne Metka, a.m. nourishing nature, \u00d8ster Bregningemark 7, 5970 \u00c6r\u00f8sk\u00f8bing, Danmark) mittels einer eindeutigen Erkl\u00e4rung (z. B. ein mit der Post versandter Brief, Telefax oder EMail)<br>\u00fcber Deinen Entschluss, diesen Vertrag zu widerrufen, informieren. Daf\u00fcr kannst Du das beigef\u00fcgte Muster-Widerrufsformular verwenden, das jedoch nicht vorgeschrieben ist. Zur Wahrung der Widerrufsfrist reicht es aus, dass Du die Mitteilung \u00fcber die Aus\u00fcbung des Widerrufsrechts vor Ablauf der Widerrufsfrist absendest.<\/p>\n\n\n\n<p>Folgen des Widerrufs<\/p>\n\n\n\n<p>Wenn Du diesen Vertrag widerrufst, werde ich alle Zahlungen, die ich von Dir erhalten habe, unverz\u00fcglich und sp\u00e4testens binnen vierzehn Tagen ab dem Tag zur\u00fcckzuzahlen, an dem die Mitteilung \u00fcber den Widerruf dieses Vertrags bei mir eingegangen ist. F\u00fcr diese R\u00fcckzahlung verwende ich dasselbe Zahlungsmittel, das Du bei der urspr\u00fcnglichen Transaktion eingesetzt hast, es sei denn, mit Dir wurde ausdr\u00fccklich etwas anderes<br>vereinbart; in keinem Fall werden Ihnen wegen dieser R\u00fcckzahlung Entgelte berechnet.<\/p>\n\n\n\n<p>Muster-Widerrufsformular<\/p>\n\n\n\n<p>(Wenn Sie den Vertrag widerrufen wollen, dann f\u00fclle bitte dieses Formular aus und sende es zur\u00fcck.)<\/p>\n\n\n\n<p>An<br>Anne Metka, a.m. nourishing nature, \u00d8ster Bregningemark 7, 5970 \u00c6r\u00f8sk\u00f8bing,<br>DANMARK<br>Hiermit widerrufe(n) ich\/wir den von mir\/uns abgeschlossenen Vertrag \u00fcber die Teilnahme<br>an folgendem Event:<br>Gebucht am:<br>Name des\/ der Verbraucher(s)<br>Anschrift des\/ der Verbraucher(s)<br>Unterschrift des\/der Verbraucher(s) (nur bei Mitteilung auf Papier)<br>Datum \u2026\u2026\u2026\u2026\u2026\u2026\u2026\u2026\u2026\u2026\u2026\u2026\u2026\u2026\u2026\u2026\u2026\u2026\u2026\u2026\u2026\u2026\u2026\u2026\u2026\u2026<br>(*) Unzutreffendes streichen.<br>Nach Ablauf des Widerrufsrechts:<br>Danach kann die Teilnahmegeb\u00fchr bei Stornierung oder R\u00fccktritt nur erstattet werden<br>(abz\u00fcglich einer Bearbeitungsgeb\u00fchr von 10,-\u20ac), wenn ein anderer Teilnehmer (von der<br>Warteliste beispielsweise) nachr\u00fcckt und den freigewordenen Platz einnimmt.<br>Ich behalte mir vor die Veranstaltung wegen zu geringer Nachfrage oder aus sonstigen<br>von mir nicht zu vertretenden Gr\u00fcnden (pl\u00f6tzliche Erkrankung, h\u00f6here Gewalt) abzusagen.<br>Dies erfolgt in der Regel per E-Mail.<br>Bereits bezahlte Teilnahmegeb\u00fchren werden dir unverz\u00fcglich zur\u00fcckerstattet.Du hast<br>dar\u00fcber hinaus keine weitergehenden Schadensersatzanspr\u00fcche an mich.<br>Anne Metka, a.m. nourishing nature, \u00d8ster Bregningemnark 7, 5970 \u00c6r\u00f8sk\u00f8bing,<br>Danmark<br>\u00c6r\u00f8sk\u00f8bing, 13.12.2023<\/p>","protected":false},"excerpt":{"rendered":"<p>Sorry, this entry is only available in Deutsch. von a.m. nourishing nature, Anne Metka, \u00d8ster Bregningemark 7, 5970 \u00c6r\u00f8sk\u00f8bing,Danmark (Stand: Dezember 2023) Anmeldung und Vertragsabschluss Die Anmeldung erfolgt schriftlich, per Mail oder \u00fcber die Homepage www.annemetka.de.Die Anmeldungen werden in der Reihenfolge des Eingangs ber\u00fccksichtigt.Sollte die Veranstaltung bereits ausgebucht sein, kannst du dich auf eine Warteliste [&hellip;]<\/p>\n","protected":false},"author":1,"featured_media":0,"parent":0,"menu_order":0,"comment_status":"closed","ping_status":"closed","template":"","meta":{"om_disable_all_campaigns":false,"_monsterinsights_skip_tracking":false,"_monsterinsights_sitenote_active":false,"_monsterinsights_sitenote_note":"","_monsterinsights_sitenote_category":0,"site-sidebar-layout":"default","site-content-layout":"","ast-site-content-layout":"default","site-content-style":"default","site-sidebar-style":"default","ast-global-header-display":"","ast-banner-title-visibility":"","ast-main-header-display":"","ast-hfb-above-header-display":"","ast-hfb-below-header-display":"","ast-hfb-mobile-header-display":"","site-post-title":"","ast-breadcrumbs-content":"","ast-featured-img":"","footer-sml-layout":"","ast-disable-related-posts":"","theme-transparent-header-meta":"","adv-header-id-meta":"","stick-header-meta":"","header-above-stick-meta":"","header-main-stick-meta":"","header-below-stick-meta":"","astra-migrate-meta-layouts":"set","ast-page-background-enabled":"default","ast-page-background-meta":{"desktop":{"background-color":"","background-image":"","background-repeat":"repeat","background-position":"center center","background-size":"auto","background-attachment":"scroll","background-type":"","background-media":"","overlay-type":"","overlay-color":"","overlay-opacity":"","overlay-gradient":""},"tablet":{"background-color":"","background-image":"","background-repeat":"repeat","background-position":"center center","background-size":"auto","background-attachment":"scroll","background-type":"","background-media":"","overlay-type":"","overlay-color":"","overlay-opacity":"","overlay-gradient":""},"mobile":{"background-color":"","background-image":"","background-repeat":"repeat","background-position":"center center","background-size":"auto","background-attachment":"scroll","background-type":"","background-media":"","overlay-type":"","overlay-color":"","overlay-opacity":"","overlay-gradient":""}},"ast-content-background-meta":{"desktop":{"background-color":"var(--ast-global-color-5)","background-image":"","background-repeat":"repeat","background-position":"center center","background-size":"auto","background-attachment":"scroll","background-type":"","background-media":"","overlay-type":"","overlay-color":"","overlay-opacity":"","overlay-gradient":""},"tablet":{"background-color":"var(--ast-global-color-5)","background-image":"","background-repeat":"repeat","background-position":"center center","background-size":"auto","background-attachment":"scroll","background-type":"","background-media":"","overlay-type":"","overlay-color":"","overlay-opacity":"","overlay-gradient":""},"mobile":{"background-color":"var(--ast-global-color-5)","background-image":"","background-repeat":"repeat","background-position":"center center","background-size":"auto","background-attachment":"scroll","background-type":"","background-media":"","overlay-type":"","overlay-color":"","overlay-opacity":"","overlay-gradient":""}},"footnotes":""},"class_list":["post-1403","page","type-page","status-publish","hentry"],"aioseo_notices":[],"_links":{"self":[{"href":"https:\/\/www.annemetka.com\/en\/wp-json\/wp\/v2\/pages\/1403","targetHints":{"allow":["GET"]}}],"collection":[{"href":"https:\/\/www.annemetka.com\/en\/wp-json\/wp\/v2\/pages"}],"about":[{"href":"https:\/\/www.annemetka.com\/en\/wp-json\/wp\/v2\/types\/page"}],"author":[{"embeddable":true,"href":"https:\/\/www.annemetka.com\/en\/wp-json\/wp\/v2\/users\/1"}],"replies":[{"embeddable":true,"href":"https:\/\/www.annemetka.com\/en\/wp-json\/wp\/v2\/comments?post=1403"}],"version-history":[{"count":1,"href":"https:\/\/www.annemetka.com\/en\/wp-json\/wp\/v2\/pages\/1403\/revisions"}],"predecessor-version":[{"id":1404,"href":"https:\/\/www.annemetka.com\/en\/wp-json\/wp\/v2\/pages\/1403\/revisions\/1404"}],"wp:attachment":[{"href":"https:\/\/www.annemetka.com\/en\/wp-json\/wp\/v2\/media?parent=1403"}],"curies":[{"name":"wp","href":"https:\/\/api.w.org\/{rel}","templated":true}]}}