{"id":118,"date":"2020-08-20T10:01:57","date_gmt":"2020-08-20T10:01:57","guid":{"rendered":"https:\/\/www.annemetka.de\/store\/"},"modified":"2024-02-22T18:52:41","modified_gmt":"2024-02-22T18:52:41","slug":"products","status":"publish","type":"page","link":"https:\/\/www.annemetka.com\/en\/products\/","title":{"rendered":"Products"},"content":{"rendered":"<div class=\"wp-block-cover alignfull is-light\" style=\"min-height:300px;aspect-ratio:unset;\"><span aria-hidden=\"true\" class=\"wp-block-cover__background has-black-background-color has-background-dim-20 has-background-dim\"><\/span><img loading=\"lazy\" decoding=\"async\" width=\"1920\" height=\"2560\" class=\"wp-block-cover__image-background wp-image-522\" alt=\"\" src=\"https:\/\/www.annemetka.de\/\/mnt\/web523\/a3\/17\/527617\/htdocs\/STRATO-apps\/wordpress_02\/app\/wp-content\/uploads\/2021\/05\/BluehendeKirsche-scaled.jpg\" style=\"object-position:33% 40%\" data-object-fit=\"cover\" data-object-position=\"33% 40%\" srcset=\"https:\/\/www.annemetka.com\/wp-content\/uploads\/2021\/05\/BluehendeKirsche-scaled.jpg 1920w, https:\/\/www.annemetka.com\/wp-content\/uploads\/2021\/05\/BluehendeKirsche-scaled-600x800.jpg 600w, https:\/\/www.annemetka.com\/wp-content\/uploads\/2021\/05\/BluehendeKirsche-225x300.jpg 225w, https:\/\/www.annemetka.com\/wp-content\/uploads\/2021\/05\/BluehendeKirsche-768x1024.jpg 768w, https:\/\/www.annemetka.com\/wp-content\/uploads\/2021\/05\/BluehendeKirsche-1152x1536.jpg 1152w, https:\/\/www.annemetka.com\/wp-content\/uploads\/2021\/05\/BluehendeKirsche-1536x2048.jpg 1536w\" sizes=\"auto, (max-width: 1920px) 100vw, 1920px\" \/><div class=\"wp-block-cover__inner-container is-layout-flow wp-block-cover-is-layout-flow\">\r\n<h3 class=\"wp-block-heading has-text-align-center has-very-light-gray-color has-text-color\">F\u00fcr Bestellung, Fragen oder Reseller kontaktiere mich gerne.<\/h3>\r\n\r\n\r\n\r\n<div class=\"wp-block-buttons is-horizontal is-content-justification-center is-layout-flex wp-container-core-buttons-is-layout-03627597 wp-block-buttons-is-layout-flex\">\r\n<div class=\"wp-block-button is-style-outline is-style-outline--5\"><a class=\"wp-block-button__link has-very-light-gray-color has-text-color wp-element-button\" href=\"mailto:anne@metka.de\">anne@metka.de<\/a><\/div>\r\n\r\n\r\n\r\n<div class=\"wp-block-button is-style-outline is-style-outline--6\"><a class=\"wp-block-button__link has-very-light-gray-color has-text-color wp-element-button\" href=\"tel:+49-178-52-969-56\">+49 178 52 969 56<\/a><\/div>\r\n<\/div>\r\n\r\n\r\n\r\n<p><\/p>\r\n<\/div><\/div>\r\n\n<div class=\"wp-block-cover alignfull is-light\" style=\"min-height:476px;aspect-ratio:unset;\"><span aria-hidden=\"true\" class=\"wp-block-cover__background has-background-dim-100 has-background-dim wp-block-cover__gradient-background has-background-gradient\" style=\"background:linear-gradient(180deg,rgb(255,255,255) 0%,rgba(239,248,250,0.45) 52%)\"><\/span><img loading=\"lazy\" decoding=\"async\" width=\"1707\" height=\"2560\" class=\"wp-block-cover__image-background wp-image-318\" alt=\"\" src=\"https:\/\/www.annemetka.de\/\/mnt\/web523\/a3\/17\/527617\/htdocs\/STRATO-apps\/wordpress_02\/app\/wp-content\/uploads\/2021\/04\/Anne_M_Naturals-11-scaled.jpg\" style=\"object-position:100% 50%\" data-object-fit=\"cover\" data-object-position=\"100% 50%\" srcset=\"https:\/\/www.annemetka.com\/wp-content\/uploads\/2021\/04\/Anne_M_Naturals-11-scaled.jpg 1707w, https:\/\/www.annemetka.com\/wp-content\/uploads\/2021\/04\/Anne_M_Naturals-11-scaled-600x900.jpg 600w, https:\/\/www.annemetka.com\/wp-content\/uploads\/2021\/04\/Anne_M_Naturals-11-200x300.jpg 200w, https:\/\/www.annemetka.com\/wp-content\/uploads\/2021\/04\/Anne_M_Naturals-11-683x1024.jpg 683w, https:\/\/www.annemetka.com\/wp-content\/uploads\/2021\/04\/Anne_M_Naturals-11-768x1152.jpg 768w, https:\/\/www.annemetka.com\/wp-content\/uploads\/2021\/04\/Anne_M_Naturals-11-1024x1536.jpg 1024w, https:\/\/www.annemetka.com\/wp-content\/uploads\/2021\/04\/Anne_M_Naturals-11-1365x2048.jpg 1365w\" sizes=\"auto, (max-width: 1707px) 100vw, 1707px\" \/><div class=\"wp-block-cover__inner-container is-layout-flow wp-block-cover-is-layout-flow\">\n<h1 class=\"wp-block-heading has-text-color\" style=\"color:#2b2f38\">Products<\/h1>\n<\/div><\/div>\n\n\n\n<div style=\"height:30px\" aria-hidden=\"true\" class=\"wp-block-spacer\"><\/div>\n\n\n\n<h3 class=\"wp-block-heading has-text-align-center\">Das gr\u00f6\u00dfte und bekannteste Sch\u00f6nheitsgeheimnis:<\/h3>\n\n\n\n<h2 class=\"wp-block-heading has-text-align-center\">Selflove und Selfcare!<\/h2>\n\n\n\n<div class=\"wp-block-group alignfull has-white-background-color has-background is-layout-flow wp-block-group-is-layout-flow\"><div class=\"wp-block-group__inner-container\">\n<div class=\"wp-block-columns is-layout-flex wp-container-core-columns-is-layout-28f84493 wp-block-columns-is-layout-flex\">\n<div class=\"wp-block-column is-layout-flow wp-block-column-is-layout-flow\" style=\"flex-basis:33.33%\">\n<h3 class=\"wp-block-heading\">You are naturally beautiful! Nourish it!<\/h3>\n<\/div>\n\n\n\n<div class=\"wp-block-column is-layout-flow wp-block-column-is-layout-flow\" style=\"flex-basis:66.66%\">\n<p>Unterst\u00fctze dich selbst mit ausreichend Schlaf, Fl\u00fcssigkeit und N\u00e4hrstoffen. Alles was du brauchst, um zu bl\u00fchen, h\u00e4lt die Natur f\u00fcr dich bereit. Es ist f\u00fcr mich pure Freude, dich mit der nat\u00fcrlichen F\u00fclle die uns umgibt zu versorgen!<\/p>\n\n\n\n<p>Aus diesem Grund biete ich dir ein paar ausgesuchte Produkte an, die dich mit der Kraft der Natur verbinden.<\/p>\n<\/div>\n<\/div>\n<\/div><\/div>\n\n\n\n<div class=\"wp-block-columns is-layout-flex wp-container-core-columns-is-layout-28f84493 wp-block-columns-is-layout-flex\">\n<div class=\"wp-block-column is-layout-flow wp-block-column-is-layout-flow\" style=\"flex-basis:66.66%\">\n<div class=\"wp-block-cover is-light\"><span aria-hidden=\"true\" class=\"wp-block-cover__background has-white-background-color has-background-dim-20 has-background-dim\"><\/span><img loading=\"lazy\" decoding=\"async\" width=\"1920\" height=\"1280\" class=\"wp-block-cover__image-background wp-image-269\" alt=\"\" src=\"https:\/\/www.annemetka.de\/\/mnt\/web523\/a3\/17\/527617\/htdocs\/STRATO-apps\/wordpress_02\/app\/wp-content\/uploads\/2021\/04\/Anne_M_Naturals-4.jpg\" data-object-fit=\"cover\" srcset=\"https:\/\/www.annemetka.com\/wp-content\/uploads\/2021\/04\/Anne_M_Naturals-4.jpg 1920w, https:\/\/www.annemetka.com\/wp-content\/uploads\/2021\/04\/Anne_M_Naturals-4-600x400.jpg 600w, https:\/\/www.annemetka.com\/wp-content\/uploads\/2021\/04\/Anne_M_Naturals-4-300x200.jpg 300w, https:\/\/www.annemetka.com\/wp-content\/uploads\/2021\/04\/Anne_M_Naturals-4-1024x683.jpg 1024w, https:\/\/www.annemetka.com\/wp-content\/uploads\/2021\/04\/Anne_M_Naturals-4-768x512.jpg 768w, https:\/\/www.annemetka.com\/wp-content\/uploads\/2021\/04\/Anne_M_Naturals-4-1536x1024.jpg 1536w\" sizes=\"auto, (max-width: 1920px) 100vw, 1920px\" \/><div class=\"wp-block-cover__inner-container is-layout-flow wp-block-cover-is-layout-flow\">\n<p class=\"has-text-align-center has-large-font-size\"><\/p>\n<\/div><\/div>\n<\/div>\n\n\n\n<div class=\"wp-block-column is-layout-flow wp-block-column-is-layout-flow\" style=\"flex-basis:33.33%\">\n<p>Alle meine Produkte werden mit Liebe entwickelt und gepr\u00fcft, sorgf\u00e4ltig und fair in Hamburg von Hand hergestellt und umweltschonend verpackt. <\/p>\n\n\n\n<h5 class=\"wp-block-heading\">Die Reduktion auf das Wesentliche, auf die n\u00e4hrende Essenz, bildet den Ausgangspunkt meiner Produkte und ist Ausdruck h\u00f6chster Wertsch\u00e4tzung f\u00fcr dich und unsere Welt. <\/h5>\n\n\n\n<p>F\u00fcr meine Produkte w\u00e4hle ich nur Inhaltsstoffe von h\u00f6chster Qualit\u00e4t und zertifizierten Lieferanten.<\/p>\n<\/div>\n<\/div>\n\n\n\n<div style=\"height:50px\" aria-hidden=\"true\" class=\"wp-block-spacer\"><\/div>\n\n\n\n<div class=\"wp-block-columns is-layout-flex wp-container-core-columns-is-layout-28f84493 wp-block-columns-is-layout-flex\">\n<div class=\"wp-block-column is-layout-flow wp-block-column-is-layout-flow\">\n<div class=\"wp-block-cover is-light\"><span aria-hidden=\"true\" class=\"wp-block-cover__background has-white-background-color has-background-dim-20 has-background-dim\"><\/span><img loading=\"lazy\" decoding=\"async\" width=\"1920\" height=\"1280\" class=\"wp-block-cover__image-background wp-image-245\" alt=\"\" src=\"https:\/\/www.annemetka.de\/\/mnt\/web523\/a3\/17\/527617\/htdocs\/STRATO-apps\/wordpress_02\/app\/wp-content\/uploads\/2021\/04\/Anne_M_Naturals-6.jpg\" data-object-fit=\"cover\" srcset=\"https:\/\/www.annemetka.com\/wp-content\/uploads\/2021\/04\/Anne_M_Naturals-6.jpg 1920w, https:\/\/www.annemetka.com\/wp-content\/uploads\/2021\/04\/Anne_M_Naturals-6-600x400.jpg 600w, https:\/\/www.annemetka.com\/wp-content\/uploads\/2021\/04\/Anne_M_Naturals-6-300x200.jpg 300w, https:\/\/www.annemetka.com\/wp-content\/uploads\/2021\/04\/Anne_M_Naturals-6-1024x683.jpg 1024w, https:\/\/www.annemetka.com\/wp-content\/uploads\/2021\/04\/Anne_M_Naturals-6-768x512.jpg 768w, https:\/\/www.annemetka.com\/wp-content\/uploads\/2021\/04\/Anne_M_Naturals-6-1536x1024.jpg 1536w\" sizes=\"auto, (max-width: 1920px) 100vw, 1920px\" \/><div class=\"wp-block-cover__inner-container is-layout-flow wp-block-cover-is-layout-flow\">\n<h2 class=\"wp-block-heading has-text-align-center has-white-color has-text-color\">Herb Tea Blends<\/h2>\n\n\n\n<div class=\"wp-block-buttons is-horizontal is-content-justification-center is-layout-flex wp-container-core-buttons-is-layout-03627597 wp-block-buttons-is-layout-flex\">\n<div class=\"wp-block-button is-style-outline is-style-outline--7\"><a class=\"wp-block-button__link has-white-color has-text-color wp-element-button\" href=\"https:\/\/www.annemetka.de\/en\/products\/herb-tea-blends\">Go to products<\/a><\/div>\n<\/div>\n<\/div><\/div>\n<\/div>\n\n\n\n<div class=\"wp-block-column is-layout-flow wp-block-column-is-layout-flow\">\n<div class=\"wp-block-cover is-light\"><span aria-hidden=\"true\" class=\"wp-block-cover__background has-white-background-color has-background-dim-20 has-background-dim\"><\/span><img loading=\"lazy\" decoding=\"async\" width=\"1707\" height=\"2560\" class=\"wp-block-cover__image-background wp-image-247\" alt=\"\" src=\"https:\/\/www.annemetka.de\/\/mnt\/web523\/a3\/17\/527617\/htdocs\/STRATO-apps\/wordpress_02\/app\/wp-content\/uploads\/2021\/04\/Anne_M_Naturals-16-scaled.jpg\" data-object-fit=\"cover\" srcset=\"https:\/\/www.annemetka.com\/wp-content\/uploads\/2021\/04\/Anne_M_Naturals-16-scaled.jpg 1707w, https:\/\/www.annemetka.com\/wp-content\/uploads\/2021\/04\/Anne_M_Naturals-16-scaled-600x900.jpg 600w, https:\/\/www.annemetka.com\/wp-content\/uploads\/2021\/04\/Anne_M_Naturals-16-200x300.jpg 200w, https:\/\/www.annemetka.com\/wp-content\/uploads\/2021\/04\/Anne_M_Naturals-16-683x1024.jpg 683w, https:\/\/www.annemetka.com\/wp-content\/uploads\/2021\/04\/Anne_M_Naturals-16-768x1152.jpg 768w, https:\/\/www.annemetka.com\/wp-content\/uploads\/2021\/04\/Anne_M_Naturals-16-1024x1536.jpg 1024w, https:\/\/www.annemetka.com\/wp-content\/uploads\/2021\/04\/Anne_M_Naturals-16-1365x2048.jpg 1365w\" sizes=\"auto, (max-width: 1707px) 100vw, 1707px\" \/><div class=\"wp-block-cover__inner-container is-layout-flow wp-block-cover-is-layout-flow\">\n<h2 class=\"wp-block-heading has-text-align-center has-white-color has-text-color\">Face Oils<\/h2>\n\n\n\n<div class=\"wp-block-buttons is-horizontal is-content-justification-center is-layout-flex wp-container-core-buttons-is-layout-03627597 wp-block-buttons-is-layout-flex\">\n<div class=\"wp-block-button is-style-outline is-style-outline--8\"><a class=\"wp-block-button__link has-white-color has-text-color wp-element-button\" href=\"https:\/\/www.annemetka.de\/en\/products\/face-oils\">Go to products<\/a><\/div>\n<\/div>\n<\/div><\/div>\n<\/div>\n<\/div>\n\n\n\n<div style=\"height:50px\" aria-hidden=\"true\" class=\"wp-block-spacer\"><\/div>\n\n\n\r\n<div class=\"wp-block-cover alignfull is-light\" style=\"min-height:300px;aspect-ratio:unset;\"><span aria-hidden=\"true\" class=\"wp-block-cover__background has-black-background-color has-background-dim-20 has-background-dim\"><\/span><img loading=\"lazy\" decoding=\"async\" width=\"1920\" height=\"2560\" class=\"wp-block-cover__image-background wp-image-522\" alt=\"\" src=\"https:\/\/www.annemetka.de\/\/mnt\/web523\/a3\/17\/527617\/htdocs\/STRATO-apps\/wordpress_02\/app\/wp-content\/uploads\/2021\/05\/BluehendeKirsche-scaled.jpg\" style=\"object-position:33% 40%\" data-object-fit=\"cover\" data-object-position=\"33% 40%\" srcset=\"https:\/\/www.annemetka.com\/wp-content\/uploads\/2021\/05\/BluehendeKirsche-scaled.jpg 1920w, https:\/\/www.annemetka.com\/wp-content\/uploads\/2021\/05\/BluehendeKirsche-scaled-600x800.jpg 600w, https:\/\/www.annemetka.com\/wp-content\/uploads\/2021\/05\/BluehendeKirsche-225x300.jpg 225w, https:\/\/www.annemetka.com\/wp-content\/uploads\/2021\/05\/BluehendeKirsche-768x1024.jpg 768w, https:\/\/www.annemetka.com\/wp-content\/uploads\/2021\/05\/BluehendeKirsche-1152x1536.jpg 1152w, https:\/\/www.annemetka.com\/wp-content\/uploads\/2021\/05\/BluehendeKirsche-1536x2048.jpg 1536w\" sizes=\"auto, (max-width: 1920px) 100vw, 1920px\" \/><div class=\"wp-block-cover__inner-container is-layout-flow wp-block-cover-is-layout-flow\">\r\n<h3 class=\"wp-block-heading has-text-align-center has-very-light-gray-color has-text-color\">Please get in touch with me in for orders, reseller or questions.<\/h3>\r\n\r\n\r\n\r\n<div class=\"wp-block-buttons is-horizontal is-content-justification-center is-layout-flex wp-container-core-buttons-is-layout-03627597 wp-block-buttons-is-layout-flex\">\r\n<div class=\"wp-block-button is-style-outline is-style-outline--11\"><a class=\"wp-block-button__link has-very-light-gray-color has-text-color wp-element-button\" href=\"mailto:anne@metka.de\">anne@metka.de<\/a><\/div>\r\n\r\n\r\n\r\n<div class=\"wp-block-button is-style-outline is-style-outline--12\"><a class=\"wp-block-button__link has-very-light-gray-color has-text-color wp-element-button\" href=\"tel:+49-178-52-969-56\">+49 178 52 969 56<\/a><\/div>\r\n<\/div>\r\n\r\n\r\n\r\n<p><\/p>\r\n<\/div><\/div>","protected":false},"excerpt":{"rendered":"<p>Das gr\u00f6\u00dfte und bekannteste Sch\u00f6nheitsgeheimnis: Selflove und Selfcare! You are naturally beautiful! Nourish it! Unterst\u00fctze dich selbst mit ausreichend Schlaf, Fl\u00fcssigkeit und N\u00e4hrstoffen. Alles was du brauchst, um zu bl\u00fchen, h\u00e4lt die Natur f\u00fcr dich bereit. Es ist f\u00fcr mich pure Freude, dich mit der nat\u00fcrlichen F\u00fclle die uns umgibt zu versorgen! Aus diesem Grund [&hellip;]<\/p>\n","protected":false},"author":1,"featured_media":0,"parent":0,"menu_order":0,"comment_status":"closed","ping_status":"closed","template":"","meta":{"om_disable_all_campaigns":false,"_monsterinsights_skip_tracking":false,"_monsterinsights_sitenote_active":false,"_monsterinsights_sitenote_note":"","_monsterinsights_sitenote_category":0,"site-sidebar-layout":"default","site-content-layout":"plain-container","ast-site-content-layout":"normal-width-container","site-content-style":"unboxed","site-sidebar-style":"unboxed","ast-global-header-display":"","ast-banner-title-visibility":"","ast-main-header-display":"","ast-hfb-above-header-display":"","ast-hfb-below-header-display":"","ast-hfb-mobile-header-display":"","site-post-title":"disabled","ast-breadcrumbs-content":"","ast-featured-img":"","footer-sml-layout":"","ast-disable-related-posts":"","theme-transparent-header-meta":"enabled","adv-header-id-meta":"","stick-header-meta":"default","header-above-stick-meta":"","header-main-stick-meta":"","header-below-stick-meta":"","astra-migrate-meta-layouts":"set","ast-page-background-enabled":"default","ast-page-background-meta":{"desktop":{"background-color":"","background-image":"","background-repeat":"repeat","background-position":"center center","background-size":"auto","background-attachment":"scroll","background-type":"","background-media":"","overlay-type":"","overlay-color":"","overlay-opacity":"","overlay-gradient":""},"tablet":{"background-color":"","background-image":"","background-repeat":"repeat","background-position":"center center","background-size":"auto","background-attachment":"scroll","background-type":"","background-media":"","overlay-type":"","overlay-color":"","overlay-opacity":"","overlay-gradient":""},"mobile":{"background-color":"","background-image":"","background-repeat":"repeat","background-position":"center center","background-size":"auto","background-attachment":"scroll","background-type":"","background-media":"","overlay-type":"","overlay-color":"","overlay-opacity":"","overlay-gradient":""}},"ast-content-background-meta":{"desktop":{"background-color":"var(--ast-global-color-5)","background-image":"","background-repeat":"repeat","background-position":"center center","background-size":"auto","background-attachment":"scroll","background-type":"","background-media":"","overlay-type":"","overlay-color":"","overlay-opacity":"","overlay-gradient":""},"tablet":{"background-color":"var(--ast-global-color-5)","background-image":"","background-repeat":"repeat","background-position":"center center","background-size":"auto","background-attachment":"scroll","background-type":"","background-media":"","overlay-type":"","overlay-color":"","overlay-opacity":"","overlay-gradient":""},"mobile":{"background-color":"var(--ast-global-color-5)","background-image":"","background-repeat":"repeat","background-position":"center center","background-size":"auto","background-attachment":"scroll","background-type":"","background-media":"","overlay-type":"","overlay-color":"","overlay-opacity":"","overlay-gradient":""}},"footnotes":""},"class_list":["post-118","page","type-page","status-publish","hentry"],"aioseo_notices":[],"_links":{"self":[{"href":"https:\/\/www.annemetka.com\/en\/wp-json\/wp\/v2\/pages\/118","targetHints":{"allow":["GET"]}}],"collection":[{"href":"https:\/\/www.annemetka.com\/en\/wp-json\/wp\/v2\/pages"}],"about":[{"href":"https:\/\/www.annemetka.com\/en\/wp-json\/wp\/v2\/types\/page"}],"author":[{"embeddable":true,"href":"https:\/\/www.annemetka.com\/en\/wp-json\/wp\/v2\/users\/1"}],"replies":[{"embeddable":true,"href":"https:\/\/www.annemetka.com\/en\/wp-json\/wp\/v2\/comments?post=118"}],"version-history":[{"count":26,"href":"https:\/\/www.annemetka.com\/en\/wp-json\/wp\/v2\/pages\/118\/revisions"}],"predecessor-version":[{"id":1498,"href":"https:\/\/www.annemetka.com\/en\/wp-json\/wp\/v2\/pages\/118\/revisions\/1498"}],"wp:attachment":[{"href":"https:\/\/www.annemetka.com\/en\/wp-json\/wp\/v2\/media?parent=118"}],"curies":[{"name":"wp","href":"https:\/\/api.w.org\/{rel}","templated":true}]}}